{"id":8486,"date":"2024-07-18T09:50:14","date_gmt":"2024-07-18T07:50:14","guid":{"rendered":"https:\/\/autor.it\/ueber-uns\/"},"modified":"2025-04-18T10:54:08","modified_gmt":"2025-04-18T08:54:08","slug":"ueber-uns","status":"publish","type":"page","link":"https:\/\/autor.it\/de\/ueber-uns\/","title":{"rendered":"\u00dcber uns"},"content":{"rendered":"\t\t<div data-elementor-type=\"wp-page\" data-elementor-id=\"8486\" class=\"elementor elementor-8486 elementor-7124\" data-elementor-post-type=\"page\">\n\t\t\t\t<div class=\"elementor-element elementor-element-98dc54a e-con-full e-flex e-con e-parent\" data-id=\"98dc54a\" data-element_type=\"container\" data-e-type=\"container\">\n\t\t<div class=\"elementor-element elementor-element-387d68d e-con-full e-flex e-con e-child\" data-id=\"387d68d\" data-element_type=\"container\" data-e-type=\"container\" data-settings=\"{&quot;background_background&quot;:&quot;classic&quot;}\">\n\t\t\t\t<\/div>\n\t\t<div class=\"elementor-element elementor-element-c21ab4c e-con-full e-flex e-con e-child\" data-id=\"c21ab4c\" data-element_type=\"container\" data-e-type=\"container\" data-settings=\"{&quot;background_background&quot;:&quot;classic&quot;}\">\n\t\t\t\t<div class=\"elementor-element elementor-element-cb4a73c sottolineato-negativo animated-fast elementor-invisible elementor-widget elementor-widget-heading\" data-id=\"cb4a73c\" data-element_type=\"widget\" data-e-type=\"widget\" data-settings=\"{&quot;_animation&quot;:&quot;fadeInUp&quot;}\" data-widget_type=\"heading.default\">\n\t\t\t\t<div class=\"elementor-widget-container\">\n\t\t\t\t\t<h1 class=\"elementor-heading-title elementor-size-default\">Seit 1980 sind wir <br>in der Welt der <br>Mehrspindel-Drehautomaten t\u00e4tig<\/h1>\t\t\t\t<\/div>\n\t\t\t\t<\/div>\n\t\t\t\t<div class=\"elementor-element elementor-element-82a2431 elementor-widget elementor-widget-heading\" data-id=\"82a2431\" data-element_type=\"widget\" data-e-type=\"widget\" data-widget_type=\"heading.default\">\n\t\t\t\t<div class=\"elementor-widget-container\">\n\t\t\t\t\t<h2 class=\"elementor-heading-title elementor-size-default\">Bei Autor stecken wir die Grenzen der Technologie neu ab, um Ihnen zukunftsweisende L\u00f6sungen anzubieten.<\/h2>\t\t\t\t<\/div>\n\t\t\t\t<\/div>\n\t\t\t\t<\/div>\n\t\t\t\t<\/div>\n\t\t<div class=\"elementor-element elementor-element-2925017 e-con-full e-flex e-con e-parent\" data-id=\"2925017\" data-element_type=\"container\" data-e-type=\"container\" data-settings=\"{&quot;shape_divider_bottom&quot;:&quot;tilt&quot;}\">\n\t\t\t\t<div class=\"elementor-shape elementor-shape-bottom\" aria-hidden=\"true\" data-negative=\"false\">\n\t\t\t<svg xmlns=\"http:\/\/www.w3.org\/2000\/svg\" viewBox=\"0 0 1000 100\" preserveAspectRatio=\"none\">\n\t<path class=\"elementor-shape-fill\" d=\"M0,6V0h1000v100L0,6z\"\/>\n<\/svg>\t\t<\/div>\n\t\t<div class=\"elementor-element elementor-element-e552722 e-con-full e-flex e-con e-child\" data-id=\"e552722\" data-element_type=\"container\" data-e-type=\"container\">\n\t\t\t\t<div class=\"elementor-element elementor-element-b5d164f elementor-position-inline-start sottolineato-positivo elementor-widget__width-initial elementor-mobile-position-inline-start animated-fast elementor-view-default elementor-invisible elementor-widget elementor-widget-icon-box\" data-id=\"b5d164f\" data-element_type=\"widget\" data-e-type=\"widget\" data-settings=\"{&quot;_animation&quot;:&quot;fadeInUp&quot;}\" data-widget_type=\"icon-box.default\">\n\t\t\t\t<div class=\"elementor-widget-container\">\n\t\t\t\t\t\t\t<div class=\"elementor-icon-box-wrapper\">\n\n\t\t\t\t\t\t<div class=\"elementor-icon-box-icon\">\n\t\t\t\t<span  class=\"elementor-icon\">\n\t\t\t\t<svg aria-hidden=\"true\" class=\"e-font-icon-svg e-fas-circle\" viewBox=\"0 0 512 512\" xmlns=\"http:\/\/www.w3.org\/2000\/svg\"><path d=\"M256 8C119 8 8 119 8 256s111 248 248 248 248-111 248-248S393 8 256 8z\"><\/path><\/svg>\t\t\t\t<\/span>\n\t\t\t<\/div>\n\t\t\t\n\t\t\t\t\t\t<div class=\"elementor-icon-box-content\">\n\n\t\t\t\t\t\t\t\t\t<h2 class=\"elementor-icon-box-title\">\n\t\t\t\t\t\t<span  >\n\t\t\t\t\t\t\tEine kontinuierliche Weiterentwicklung.\t\t\t\t\t\t<\/span>\n\t\t\t\t\t<\/h2>\n\t\t\t\t\n\t\t\t\t\t\t\t\t\t<p class=\"elementor-icon-box-description\">\n\t\t\t\t\t\tWir haben 1980 unsere T\u00e4tigkeit aufgenommen, um Zubeh\u00f6r zur Optimierung und Verbesserung der Vielseitigkeit mechanischer Mehrspindel-Drehautomaten herzustellen. Seitdem haben wir uns stets weiterentwickelt. Wir haben weiterhin hochpr\u00e4zises <b>mechanisches Zubeh\u00f6r<\/b> entworfen und waren unter den Ersten, die <b>CNC-Zubeh\u00f6r<\/b> angeboten haben, um Bearbeitungen durchzuf\u00fchren, die auf einem mechanischen Drehautomaten undenkbar erschienen. Wir waren unter den Wenigen, die eine Reihe modularer Zubeh\u00f6rteile entwickelt haben, um die Best\u00fcckung und Ausr\u00fcstung der Maschinen drastisch zu reduzieren.   \t\t\t\t\t<\/p>\n\t\t\t\t\n\t\t\t<\/div>\n\t\t\t\n\t\t<\/div>\n\t\t\t\t\t\t<\/div>\n\t\t\t\t<\/div>\n\t\t\t\t<div class=\"elementor-element elementor-element-be1d31d elementor-position-inline-start sottolineato-positivo elementor-widget__width-initial elementor-mobile-position-inline-start animated-fast elementor-view-default elementor-invisible elementor-widget elementor-widget-icon-box\" data-id=\"be1d31d\" data-element_type=\"widget\" data-e-type=\"widget\" data-settings=\"{&quot;_animation&quot;:&quot;fadeInUp&quot;,&quot;_animation_delay&quot;:100}\" data-widget_type=\"icon-box.default\">\n\t\t\t\t<div class=\"elementor-widget-container\">\n\t\t\t\t\t\t\t<div class=\"elementor-icon-box-wrapper\">\n\n\t\t\t\t\t\t<div class=\"elementor-icon-box-icon\">\n\t\t\t\t<span  class=\"elementor-icon\">\n\t\t\t\t<svg aria-hidden=\"true\" class=\"e-font-icon-svg e-fas-circle\" viewBox=\"0 0 512 512\" xmlns=\"http:\/\/www.w3.org\/2000\/svg\"><path d=\"M256 8C119 8 8 119 8 256s111 248 248 248 248-111 248-248S393 8 256 8z\"><\/path><\/svg>\t\t\t\t<\/span>\n\t\t\t<\/div>\n\t\t\t\n\t\t\t\t\t\t<div class=\"elementor-icon-box-content\">\n\n\t\t\t\t\t\t\t\t\t<h2 class=\"elementor-icon-box-title\">\n\t\t\t\t\t\t<span  >\n\t\t\t\t\t\t\tNeue Wege beschreiten.\t\t\t\t\t\t<\/span>\n\t\t\t\t\t<\/h2>\n\t\t\t\t\n\t\t\t\t\t\t\t\t\t<p class=\"elementor-icon-box-description\">\n\t\t\t\t\t\tWir haben eine Maschine konzipiert und hergestellt, die <b>numerisch gesteuert wird<\/b>, aber auf dem Grundger\u00fcst einer mechanischen Maschine montiert ist und daher einen gro\u00dfen Mehrwert hinsichtlich <b>Vielseitigkeit, Gr\u00f6\u00dfe, Kosten und Setup-Geschwindigkeit<\/b> bietet.\u200b\t\t\t\t\t<\/p>\n\t\t\t\t\n\t\t\t<\/div>\n\t\t\t\n\t\t<\/div>\n\t\t\t\t\t\t<\/div>\n\t\t\t\t<\/div>\n\t\t\t\t<div class=\"elementor-element elementor-element-fddff1e elementor-position-inline-start sottolineato-positivo elementor-widget__width-initial elementor-mobile-position-inline-start animated-fast elementor-view-default elementor-invisible elementor-widget elementor-widget-icon-box\" data-id=\"fddff1e\" data-element_type=\"widget\" data-e-type=\"widget\" data-settings=\"{&quot;_animation&quot;:&quot;fadeInUp&quot;,&quot;_animation_delay&quot;:200}\" data-widget_type=\"icon-box.default\">\n\t\t\t\t<div class=\"elementor-widget-container\">\n\t\t\t\t\t\t\t<div class=\"elementor-icon-box-wrapper\">\n\n\t\t\t\t\t\t<div class=\"elementor-icon-box-icon\">\n\t\t\t\t<span  class=\"elementor-icon\">\n\t\t\t\t<svg aria-hidden=\"true\" class=\"e-font-icon-svg e-fas-circle\" viewBox=\"0 0 512 512\" xmlns=\"http:\/\/www.w3.org\/2000\/svg\"><path d=\"M256 8C119 8 8 119 8 256s111 248 248 248 248-111 248-248S393 8 256 8z\"><\/path><\/svg>\t\t\t\t<\/span>\n\t\t\t<\/div>\n\t\t\t\n\t\t\t\t\t\t<div class=\"elementor-icon-box-content\">\n\n\t\t\t\t\t\t\t\t\t<h2 class=\"elementor-icon-box-title\">\n\t\t\t\t\t\t<span  >\n\t\t\t\t\t\t\tInnovation als Methode.\t\t\t\t\t\t<\/span>\n\t\t\t\t\t<\/h2>\n\t\t\t\t\n\t\t\t\t\t\t\t\t\t<p class=\"elementor-icon-box-description\">\n\t\t\t\t\t\tBei Autor sind wir fest davon \u00fcberzeugt, dass alles optimiert werden kann: Wir m\u00f6chten Komponenten entwickeln, die immer besser funktionieren und vor allem in der Steuerung weniger kosten.\t\t\t\t\t<\/p>\n\t\t\t\t\n\t\t\t<\/div>\n\t\t\t\n\t\t<\/div>\n\t\t\t\t\t\t<\/div>\n\t\t\t\t<\/div>\n\t\t\t\t<\/div>\n\t\t\t\t<\/div>\n\t\t<div class=\"elementor-element elementor-element-08da11b e-flex e-con-boxed e-con e-parent\" data-id=\"08da11b\" data-element_type=\"container\" data-e-type=\"container\" data-settings=\"{&quot;background_background&quot;:&quot;classic&quot;}\">\n\t\t\t\t\t<div class=\"e-con-inner\">\n\t\t\t\t<div class=\"elementor-element elementor-element-c5e4494 elementor-view-default elementor-widget elementor-widget-icon\" data-id=\"c5e4494\" data-element_type=\"widget\" data-e-type=\"widget\" data-widget_type=\"icon.default\">\n\t\t\t\t<div class=\"elementor-widget-container\">\n\t\t\t\t\t\t\t<div class=\"elementor-icon-wrapper\">\n\t\t\t<div class=\"elementor-icon\">\n\t\t\t<svg xmlns=\"http:\/\/www.w3.org\/2000\/svg\" id=\"Livello_1\" viewBox=\"0 0 298 298\"><path d=\"m249.99,87.48h-19.13v-2.89c0-3.6-2.42-6.79-5.88-7.77l-12.61-3.55c-1.43-5.17-3.48-10.13-6.12-14.79l6.4-11.42c1.76-3.14,1.21-7.11-1.33-9.65l-8.86-8.86c-2.55-2.55-6.52-3.09-9.65-1.33l-11.42,6.4c-4.66-2.64-9.63-4.7-14.8-6.13l-3.55-12.61c-.98-3.46-4.17-5.88-7.77-5.88h-12.53c-3.6,0-6.79,2.42-7.77,5.88l-3.55,12.61c-5.17,1.43-10.13,3.48-14.79,6.12l-11.42-6.4c-3.14-1.76-7.11-1.21-9.65,1.33l-8.86,8.86c-2.54,2.54-3.09,6.51-1.33,9.65l6.4,11.42c-2.64,4.66-4.7,9.62-6.12,14.79l-12.61,3.55c-3.46.98-5.88,4.17-5.88,7.77v2.89s-19.13,0-19.13,0c-7.5,0-13.6,6.1-13.6,13.6v123.95c0,7.5,6.1,13.6,13.6,13.6h75.46v12.89l-26.53,11.72c-1.54.68-2.53,2.21-2.53,3.89v17.63c0,2.35,1.91,4.25,4.25,4.25h100.7c2.35,0,4.25-1.91,4.25-4.25v-17.63c0-1.68-1-3.21-2.53-3.89l-26.53-11.72v-12.89h75.46c7.5,0,13.6-6.1,13.6-13.6v-123.95c0-7.5-6.1-13.6-13.6-13.6Zm-175.36-4.96l15.9-4.48.41-1.67c1.43-5.76,3.7-11.26,6.76-16.34l.89-1.48-8.07-14.4c-.47-.83-.32-1.89.35-2.57l8.86-8.86c.68-.68,1.73-.82,2.56-.35l14.4,8.07,1.48-.89c5.08-3.06,10.58-5.34,16.34-6.76l1.67-.41,4.48-15.9c.26-.92,1.11-1.56,2.06-1.56h12.53c.96,0,1.81.64,2.06,1.56l4.48,15.9,1.67.41c5.76,1.43,11.26,3.7,16.34,6.76l1.48.89,14.4-8.07c.83-.47,1.89-.32,2.57.35l8.86,8.86c.68.68.82,1.73.35,2.57l-8.07,14.4.89,1.48c3.06,5.08,5.34,10.58,6.76,16.34l.41,1.67,15.9,4.48c.92.26,1.56,1.11,1.56,2.06v12.53c0,.96-.64,1.81-1.56,2.07l-15.9,4.48-.41,1.67c-1.43,5.76-3.7,11.26-6.76,16.34l-.89,1.48,8.07,14.4c.47.83.32,1.89-.35,2.56l-8.86,8.86c-.68.68-1.73.82-2.57.35l-14.4-8.07-1.48.89c-5.08,3.06-10.58,5.34-16.34,6.77l-1.67.41-4.48,15.9c-.26.92-1.11,1.56-2.06,1.56h-12.53c-.96,0-1.81-.64-2.06-1.56l-4.48-15.9-1.67-.41c-5.76-1.43-11.26-3.7-16.34-6.77l-1.48-.89-14.4,8.07c-.83.47-1.89.32-2.57-.35l-8.86-8.86c-.68-.68-.82-1.73-.35-2.57l8.07-14.4-.89-1.48c-3.06-5.08-5.34-10.58-6.76-16.34l-.41-1.67-15.9-4.48c-.92-.26-1.56-1.11-1.56-2.06v-12.53c0-.96.64-1.81,1.56-2.06Zm96.51,173.96l26.53,11.72v14.86h-97.35v-14.86l26.53-11.72c1.54-.68,2.54-2.21,2.54-3.89v-13.98h39.22v13.98c0,1.68.99,3.21,2.53,3.89Zm86.52-31.46c0,4.23-3.44,7.67-7.67,7.67H48.01c-4.23,0-7.67-3.44-7.67-7.67v-123.95c0-4.23,3.44-7.67,7.67-7.67h19.13v3.71c0,3.6,2.42,6.79,5.88,7.77l12.61,3.55c1.43,5.17,3.48,10.13,6.12,14.79l-6.4,11.42c-1.76,3.14-1.21,7.11,1.33,9.65l8.86,8.86c2.55,2.54,6.52,3.09,9.65,1.33l11.42-6.4c4.66,2.64,9.62,4.7,14.79,6.13l3.55,12.61c.98,3.46,4.17,5.88,7.77,5.88h12.53c3.6,0,6.79-2.42,7.77-5.88l3.55-12.61c5.17-1.43,10.13-3.48,14.8-6.13l11.42,6.4c3.14,1.76,7.11,1.21,9.66-1.33l8.86-8.86c2.54-2.55,3.09-6.51,1.33-9.65l-6.4-11.42c2.64-4.66,4.7-9.62,6.13-14.8l12.61-3.55c3.46-.98,5.88-4.17,5.88-7.77v-3.71s19.13,0,19.13,0c4.23,0,7.67,3.44,7.67,7.67v123.95Z\"><\/path><path d=\"m234.94,148.73c-1.64,0-2.96,1.33-2.96,2.96v55.02c0,.71-.58,1.29-1.29,1.29H67.31c-.71,0-1.29-.58-1.29-1.29v-55.02c0-1.64-1.33-2.96-2.96-2.96s-2.96,1.33-2.96,2.96v55.02c0,3.98,3.24,7.22,7.22,7.22h163.37c3.98,0,7.22-3.24,7.22-7.22v-55.02c0-1.64-1.33-2.96-2.96-2.96Z\"><\/path><path d=\"m149,121.07c16.89,0,30.62-13.74,30.62-30.62s-13.74-30.62-30.62-30.62-30.62,13.74-30.62,30.62,13.74,30.62,30.62,30.62Zm0-55.32c13.62,0,24.7,11.08,24.7,24.7s-11.08,24.7-24.7,24.7-24.7-11.08-24.7-24.7,11.08-24.7,24.7-24.7Z\"><\/path><\/svg>\t\t\t<\/div>\n\t\t<\/div>\n\t\t\t\t\t\t<\/div>\n\t\t\t\t<\/div>\n\t\t\t\t<div class=\"elementor-element elementor-element-3765c12 elementor-widget elementor-widget-heading\" data-id=\"3765c12\" data-element_type=\"widget\" data-e-type=\"widget\" data-widget_type=\"heading.default\">\n\t\t\t\t<div class=\"elementor-widget-container\">\n\t\t\t\t\t<p class=\"elementor-heading-title elementor-size-default\">Wir konzipieren und fertigen automatische CNC-Mehrspindel-Drehautomaten und Zubeh\u00f6r f\u00fcr mechanische und CNC-Mehrspindel-Drehautomaten.<\/p>\t\t\t\t<\/div>\n\t\t\t\t<\/div>\n\t\t\t\t<div class=\"elementor-element elementor-element-7891660 elementor-widget elementor-widget-text-editor\" data-id=\"7891660\" data-element_type=\"widget\" data-e-type=\"widget\" data-widget_type=\"text-editor.default\">\n\t\t\t\t<div class=\"elementor-widget-container\">\n\t\t\t\t\t\t\t\t\t<p>Finden Sie die f\u00fcr Sie passende L\u00f6sung.<\/p>\n\t\t\t\t\t\t\t\t<\/div>\n\t\t\t\t<\/div>\n\t\t\t\t<div class=\"elementor-element elementor-element-fecbcc7 elementor-align-center elementor-widget elementor-widget-button\" data-id=\"fecbcc7\" data-element_type=\"widget\" data-e-type=\"widget\" data-widget_type=\"button.default\">\n\t\t\t\t<div class=\"elementor-widget-container\">\n\t\t\t\t\t\t\t\t\t<div class=\"elementor-button-wrapper\">\n\t\t\t\t\t<a class=\"elementor-button elementor-button-link elementor-size-sm\" href=\"https:\/\/autor.it\/de\/loesungen\/\">\n\t\t\t\t\t\t<span class=\"elementor-button-content-wrapper\">\n\t\t\t\t\t\t\t\t\t<span class=\"elementor-button-text\">Maschinen und Zubeh\u00f6r<\/span>\n\t\t\t\t\t<\/span>\n\t\t\t\t\t<\/a>\n\t\t\t\t<\/div>\n\t\t\t\t\t\t\t\t<\/div>\n\t\t\t\t<\/div>\n\t\t\t\t\t<\/div>\n\t\t\t\t<\/div>\n\t\t\t\t<\/div>\n\t\t","protected":false},"excerpt":{"rendered":"<p>Seit 1980 sind wir in der Welt der Mehrspindel-Drehautomaten t\u00e4tig Bei Autor stecken wir die Grenzen der Technologie neu ab, um Ihnen zukunftsweisende L\u00f6sungen anzubieten. Eine kontinuierliche Weiterentwicklung. Wir haben 1980 unsere T\u00e4tigkeit aufgenommen, um Zubeh\u00f6r zur Optimierung und Verbesserung der Vielseitigkeit mechanischer Mehrspindel-Drehautomaten herzustellen. Seitdem haben wir uns stets weiterentwickelt. Wir haben weiterhin hochpr\u00e4zises [&hellip;]<\/p>\n","protected":false},"author":1,"featured_media":8136,"parent":0,"menu_order":0,"comment_status":"closed","ping_status":"closed","template":"","meta":{"_acf_changed":false,"footnotes":""},"class_list":["post-8486","page","type-page","status-publish","has-post-thumbnail","hentry"],"acf":[],"_links":{"self":[{"href":"https:\/\/autor.it\/de\/wp-json\/wp\/v2\/pages\/8486","targetHints":{"allow":["GET"]}}],"collection":[{"href":"https:\/\/autor.it\/de\/wp-json\/wp\/v2\/pages"}],"about":[{"href":"https:\/\/autor.it\/de\/wp-json\/wp\/v2\/types\/page"}],"author":[{"embeddable":true,"href":"https:\/\/autor.it\/de\/wp-json\/wp\/v2\/users\/1"}],"replies":[{"embeddable":true,"href":"https:\/\/autor.it\/de\/wp-json\/wp\/v2\/comments?post=8486"}],"version-history":[{"count":4,"href":"https:\/\/autor.it\/de\/wp-json\/wp\/v2\/pages\/8486\/revisions"}],"predecessor-version":[{"id":11463,"href":"https:\/\/autor.it\/de\/wp-json\/wp\/v2\/pages\/8486\/revisions\/11463"}],"wp:featuredmedia":[{"embeddable":true,"href":"https:\/\/autor.it\/de\/wp-json\/wp\/v2\/media\/8136"}],"wp:attachment":[{"href":"https:\/\/autor.it\/de\/wp-json\/wp\/v2\/media?parent=8486"}],"curies":[{"name":"wp","href":"https:\/\/api.w.org\/{rel}","templated":true}]}}