{"id":8508,"date":"2024-07-18T09:47:40","date_gmt":"2024-07-18T07:47:40","guid":{"rendered":"https:\/\/autor.it\/brochures\/"},"modified":"2025-03-11T12:26:29","modified_gmt":"2025-03-11T11:26:29","slug":"brochures","status":"publish","type":"page","link":"https:\/\/autor.it\/fr\/brochures\/","title":{"rendered":"Brochures"},"content":{"rendered":"\t\t<div data-elementor-type=\"wp-page\" data-elementor-id=\"8508\" class=\"elementor elementor-8508 elementor-7113\" data-elementor-post-type=\"page\">\n\t\t\t\t<div class=\"elementor-element elementor-element-6de9217 e-flex e-con-boxed e-con e-parent\" data-id=\"6de9217\" data-element_type=\"container\" data-e-type=\"container\">\n\t\t\t\t\t<div class=\"e-con-inner\">\n\t\t\t\t<div class=\"elementor-element elementor-element-6548812 sottolineato-positivo animated-fast elementor-invisible elementor-widget elementor-widget-heading\" data-id=\"6548812\" data-element_type=\"widget\" data-e-type=\"widget\" data-settings=\"{&quot;_animation&quot;:&quot;fadeInUp&quot;}\" data-widget_type=\"heading.default\">\n\t\t\t\t<div class=\"elementor-widget-container\">\n\t\t\t\t\t<h1 class=\"elementor-heading-title elementor-size-default\">Brochures<\/h1>\t\t\t\t<\/div>\n\t\t\t\t<\/div>\n\t\t<div class=\"elementor-element elementor-element-bc14f98 e-con-full e-flex e-con e-child\" data-id=\"bc14f98\" data-element_type=\"container\" data-e-type=\"container\">\n\t\t\t\t<div class=\"elementor-element elementor-element-963bff6 elementor-widget__width-initial elementor-widget elementor-widget-text-editor\" data-id=\"963bff6\" data-element_type=\"widget\" data-e-type=\"widget\" data-widget_type=\"text-editor.default\">\n\t\t\t\t<div class=\"elementor-widget-container\">\n\t\t\t\t\t\t\t\t\t<p>Souhaitez-vous en savoir plus sur nos tours CNC et les accessoires pour tours multibroches CNC et m\u00e9caniques ? T\u00e9l\u00e9chargez nos catalogues et brochures en PDF.<\/p>\n\t\t\t\t\t\t\t\t<\/div>\n\t\t\t\t<\/div>\n\t\t\t\t<\/div>\n\t\t\t\t\t<\/div>\n\t\t\t\t<\/div>\n\t\t<div class=\"elementor-element elementor-element-5c3598c e-flex e-con-boxed e-con e-parent\" data-id=\"5c3598c\" data-element_type=\"container\" data-e-type=\"container\" data-settings=\"{&quot;background_background&quot;:&quot;classic&quot;}\">\n\t\t\t\t\t<div class=\"e-con-inner\">\n\t\t<div class=\"elementor-element elementor-element-6fe93a7 e-con-full e-flex e-con e-child\" data-id=\"6fe93a7\" data-element_type=\"container\" data-e-type=\"container\">\n\t\t\t\t<div class=\"elementor-element elementor-element-51c6669 elementor-position-inline-start ico-sfondo elementor-mobile-position-inline-start animated-fast elementor-view-default elementor-invisible elementor-widget elementor-widget-icon-box\" data-id=\"51c6669\" data-element_type=\"widget\" data-e-type=\"widget\" data-settings=\"{&quot;_animation&quot;:&quot;fadeInUp&quot;}\" data-widget_type=\"icon-box.default\">\n\t\t\t\t<div class=\"elementor-widget-container\">\n\t\t\t\t\t\t\t<div class=\"elementor-icon-box-wrapper\">\n\n\t\t\t\t\t\t<div class=\"elementor-icon-box-icon\">\n\t\t\t\t<a href=\"https:\/\/autor.it\/brochure-pdf\/AUTOR_depliant-AGM-FR.pdf\" target=\"_blank\" class=\"elementor-icon\" tabindex=\"-1\" aria-label=\"Tours \u00e0 commande num\u00e9rique Autor\">\n\t\t\t\t<svg xmlns=\"http:\/\/www.w3.org\/2000\/svg\" xmlns:xlink=\"http:\/\/www.w3.org\/1999\/xlink\" id=\"Livello_1\" x=\"0px\" y=\"0px\" viewBox=\"0 0 324.2 357.2\" style=\"enable-background:new 0 0 324.2 357.2;\" xml:space=\"preserve\"> <g> <polygon points=\"34.6,282.1 34.6,34.6 184.6,34.6 217.2,66.5 217.2,117.7 251.9,117.7 251.9,51.8 198.6,0 0,0 0,316.7 131.3,316.7 99.5,282.1 \"><\/polygon> <polygon points=\"253.5,239.1 253.5,148.1 178.1,148.1 178.1,239.1 107.4,239.1 215.8,357.2 324.2,239.1 \"><\/polygon> <\/g> <\/svg>\t\t\t\t<\/a>\n\t\t\t<\/div>\n\t\t\t\n\t\t\t\t\t\t<div class=\"elementor-icon-box-content\">\n\n\t\t\t\t\t\t\t\t\t<h3 class=\"elementor-icon-box-title\">\n\t\t\t\t\t\t<a href=\"https:\/\/autor.it\/brochure-pdf\/AUTOR_depliant-AGM-FR.pdf\" target=\"_blank\" >\n\t\t\t\t\t\t\tTours \u00e0 commande num\u00e9rique Autor\t\t\t\t\t\t<\/a>\n\t\t\t\t\t<\/h3>\n\t\t\t\t\n\t\t\t\t\t\t\t\t\t<p class=\"elementor-icon-box-description\">\n\t\t\t\t\t\tNotre gamme de tours automatiques multibroches \u00e0 commande num\u00e9rique AUTOR AGM.\t\t\t\t\t<\/p>\n\t\t\t\t\n\t\t\t<\/div>\n\t\t\t\n\t\t<\/div>\n\t\t\t\t\t\t<\/div>\n\t\t\t\t<\/div>\n\t\t\t\t<div class=\"elementor-element elementor-element-ef6a672 elementor-position-inline-start ico-sfondo elementor-mobile-position-inline-start animated-fast elementor-view-default elementor-invisible elementor-widget elementor-widget-icon-box\" data-id=\"ef6a672\" data-element_type=\"widget\" data-e-type=\"widget\" data-settings=\"{&quot;_animation&quot;:&quot;fadeInUp&quot;,&quot;_animation_delay&quot;:100}\" data-widget_type=\"icon-box.default\">\n\t\t\t\t<div class=\"elementor-widget-container\">\n\t\t\t\t\t\t\t<div class=\"elementor-icon-box-wrapper\">\n\n\t\t\t\t\t\t<div class=\"elementor-icon-box-icon\">\n\t\t\t\t<a href=\"https:\/\/autor.it\/brochure-pdf\/AUTOR_accessoires-pour-tours-multibroches-FR.pdf\" target=\"_blank\" class=\"elementor-icon\" tabindex=\"-1\" aria-label=\"Accessoires pour tours multibroches\">\n\t\t\t\t<svg xmlns=\"http:\/\/www.w3.org\/2000\/svg\" xmlns:xlink=\"http:\/\/www.w3.org\/1999\/xlink\" id=\"Livello_1\" x=\"0px\" y=\"0px\" viewBox=\"0 0 324.2 357.2\" style=\"enable-background:new 0 0 324.2 357.2;\" xml:space=\"preserve\"> <g> <polygon points=\"34.6,282.1 34.6,34.6 184.6,34.6 217.2,66.5 217.2,117.7 251.9,117.7 251.9,51.8 198.6,0 0,0 0,316.7 131.3,316.7 99.5,282.1 \"><\/polygon> <polygon points=\"253.5,239.1 253.5,148.1 178.1,148.1 178.1,239.1 107.4,239.1 215.8,357.2 324.2,239.1 \"><\/polygon> <\/g> <\/svg>\t\t\t\t<\/a>\n\t\t\t<\/div>\n\t\t\t\n\t\t\t\t\t\t<div class=\"elementor-icon-box-content\">\n\n\t\t\t\t\t\t\t\t\t<h3 class=\"elementor-icon-box-title\">\n\t\t\t\t\t\t<a href=\"https:\/\/autor.it\/brochure-pdf\/AUTOR_accessoires-pour-tours-multibroches-FR.pdf\" target=\"_blank\" >\n\t\t\t\t\t\t\tAccessoires pour tours multibroches\t\t\t\t\t\t<\/a>\n\t\t\t\t\t<\/h3>\n\t\t\t\t\n\t\t\t\t\t\t\t\t\t<p class=\"elementor-icon-box-description\">\n\t\t\t\t\t\tDes accessoires con\u00e7us pour \u00eatre utilis\u00e9s sur la plupart des mod\u00e8les de machines produits par les principaux fabricants de tours automatiques multibroches.\t\t\t\t\t<\/p>\n\t\t\t\t\n\t\t\t<\/div>\n\t\t\t\n\t\t<\/div>\n\t\t\t\t\t\t<\/div>\n\t\t\t\t<\/div>\n\t\t\t\t<\/div>\n\t\t\t\t\t<\/div>\n\t\t\t\t<\/div>\n\t\t<div class=\"elementor-element elementor-element-42c2c70 e-flex e-con-boxed e-con e-parent\" data-id=\"42c2c70\" data-element_type=\"container\" data-e-type=\"container\" data-settings=\"{&quot;background_background&quot;:&quot;classic&quot;,&quot;background_motion_fx_motion_fx_scrolling&quot;:&quot;yes&quot;,&quot;background_motion_fx_translateY_effect&quot;:&quot;yes&quot;,&quot;background_motion_fx_translateY_speed&quot;:{&quot;unit&quot;:&quot;px&quot;,&quot;size&quot;:5,&quot;sizes&quot;:[]},&quot;background_motion_fx_translateY_affectedRange&quot;:{&quot;unit&quot;:&quot;%&quot;,&quot;size&quot;:&quot;&quot;,&quot;sizes&quot;:{&quot;start&quot;:0,&quot;end&quot;:100}},&quot;background_motion_fx_devices&quot;:[&quot;desktop&quot;,&quot;tablet&quot;,&quot;mobile&quot;]}\">\n\t\t\t\t\t<div class=\"e-con-inner\">\n\t\t\t\t\t<\/div>\n\t\t\t\t<\/div>\n\t\t\t\t<\/div>\n\t\t","protected":false},"excerpt":{"rendered":"<p>Brochures Souhaitez-vous en savoir plus sur nos tours CNC et les accessoires pour tours multibroches CNC et m\u00e9caniques ? T\u00e9l\u00e9chargez nos catalogues et brochures en PDF. Tours \u00e0 commande num\u00e9rique Autor Notre gamme de tours automatiques multibroches \u00e0 commande num\u00e9rique AUTOR AGM. Accessoires pour tours multibroches Des accessoires con\u00e7us pour \u00eatre utilis\u00e9s sur la plupart [&hellip;]<\/p>\n","protected":false},"author":1,"featured_media":0,"parent":0,"menu_order":0,"comment_status":"closed","ping_status":"closed","template":"","meta":{"_acf_changed":false,"footnotes":""},"class_list":["post-8508","page","type-page","status-publish","hentry"],"acf":[],"_links":{"self":[{"href":"https:\/\/autor.it\/fr\/wp-json\/wp\/v2\/pages\/8508","targetHints":{"allow":["GET"]}}],"collection":[{"href":"https:\/\/autor.it\/fr\/wp-json\/wp\/v2\/pages"}],"about":[{"href":"https:\/\/autor.it\/fr\/wp-json\/wp\/v2\/types\/page"}],"author":[{"embeddable":true,"href":"https:\/\/autor.it\/fr\/wp-json\/wp\/v2\/users\/1"}],"replies":[{"embeddable":true,"href":"https:\/\/autor.it\/fr\/wp-json\/wp\/v2\/comments?post=8508"}],"version-history":[{"count":10,"href":"https:\/\/autor.it\/fr\/wp-json\/wp\/v2\/pages\/8508\/revisions"}],"predecessor-version":[{"id":11387,"href":"https:\/\/autor.it\/fr\/wp-json\/wp\/v2\/pages\/8508\/revisions\/11387"}],"wp:attachment":[{"href":"https:\/\/autor.it\/fr\/wp-json\/wp\/v2\/media?parent=8508"}],"curies":[{"name":"wp","href":"https:\/\/api.w.org\/{rel}","templated":true}]}}