{"id":8584,"date":"2024-08-27T09:57:23","date_gmt":"2024-08-27T07:57:23","guid":{"rendered":"https:\/\/autor.it\/solutions\/systeme-modulaire-pour-tour-multibroche\/"},"modified":"2024-10-15T12:26:17","modified_gmt":"2024-10-15T10:26:17","slug":"systeme-modulaire-pour-tour-multibroche","status":"publish","type":"page","link":"https:\/\/autor.it\/fr\/solutions\/systeme-modulaire-pour-tour-multibroche\/","title":{"rendered":"Syst\u00e8me modulaire pour tour multibroche"},"content":{"rendered":"\t\t<div data-elementor-type=\"wp-page\" data-elementor-id=\"8584\" class=\"elementor elementor-8584 elementor-7983\" data-elementor-post-type=\"page\">\n\t\t\t\t<div class=\"elementor-element elementor-element-6ace476 e-flex e-con-boxed e-con e-parent\" data-id=\"6ace476\" data-element_type=\"container\" data-e-type=\"container\">\n\t\t\t\t\t<div class=\"e-con-inner\">\n\t\t\t\t<div class=\"elementor-element elementor-element-1445a15 sottolineato-positivo elementor-widget elementor-widget-heading\" data-id=\"1445a15\" data-element_type=\"widget\" data-e-type=\"widget\" data-widget_type=\"heading.default\">\n\t\t\t\t<div class=\"elementor-widget-container\">\n\t\t\t\t\t<h1 class=\"elementor-heading-title elementor-size-default\">Syst\u00e8me modulaire pour tour multibroche<\/h1>\t\t\t\t<\/div>\n\t\t\t\t<\/div>\n\t\t\t\t<div class=\"elementor-element elementor-element-68dd614 elementor-position-inline-start elementor-mobile-position-inline-start elementor-view-default elementor-widget elementor-widget-icon-box\" data-id=\"68dd614\" data-element_type=\"widget\" data-e-type=\"widget\" data-widget_type=\"icon-box.default\">\n\t\t\t\t<div class=\"elementor-widget-container\">\n\t\t\t\t\t\t\t<div class=\"elementor-icon-box-wrapper\">\n\n\t\t\t\t\t\t<div class=\"elementor-icon-box-icon\">\n\t\t\t\t<span  class=\"elementor-icon\">\n\t\t\t\t<svg xmlns=\"http:\/\/www.w3.org\/2000\/svg\" id=\"Livello_1\" viewBox=\"0 0 298 298\"><path d=\"m161.71,224.19h11.57v47.77l-16.87,16.87c-1.96,1.96-4.56,3.04-7.33,3.04s-5.37-1.08-7.33-3.04l-17.04-17.04v-47.6h11.57v42.81l12.79,12.79,12.62-12.62v-42.98Zm-75.5,40.72c0,1.46-.57,2.83-1.6,3.86l-2.2,2.2c-4.87,4.87-12.79,4.87-17.65,0l-2.37-2.37c-1.03-1.03-1.6-2.4-1.6-3.86v-40.55h-11.57v40.55c0,4.55,1.77,8.82,4.99,12.04l2.37,2.37c4.69,4.69,10.85,7.03,17.01,7.03s12.32-2.35,17.01-7.03l2.2-2.2c3.22-3.22,4.99-7.49,4.99-12.04v-40.72h-11.57v40.72Zm151-40.72v42.98l-12.62,12.62-12.79-12.79v-42.81h-11.57v47.6l24.36,24.36,24.19-24.19v-47.77h-11.57Zm-35.73-104.1c0,5.66-4.6,10.26-10.26,10.26h-2.43v16.59l-19.25,19.25h-43.1l-17.22-17.22v-18.62h-2.43c-5.66,0-10.26-4.6-10.26-10.26v-23.61l-25.28-51.38c-2.22-4.51-1.35-9.96,2.16-13.56l24.77-25.37,8.28,8.08-24.77,25.37c-.1.1-.12.25-.06.37l22.29,45.31c.91-.27,1.87-.42,2.87-.42h11.21v-27.26c0-5.66,4.6-10.26,10.26-10.26h41.5c5.66,0,10.26,4.6,10.26,10.26v27.26h11.21c1,0,1.96.15,2.87.42l22.29-45.31c.06-.12.04-.27-.06-.37l-24.77-25.37,8.28-8.08,24.77,25.37c3.51,3.6,4.38,9.05,2.16,13.56l-25.28,51.38v23.61Zm-24.26,10.26h-56.43v13.83l10.44,10.45h33.51l12.47-12.48v-11.8Zm12.69-33.9h-11.21c-5.66,0-10.26-4.6-10.26-10.26v-27.26h-38.87v27.26c0,5.66-4.6,10.26-10.26,10.26h-11.21v22.33h81.81v-22.33Zm-56.52,77.67h-5.75v5.69h5.75v-5.69Zm-5.75,17.08h5.75v-5.69h-5.75v5.69Zm0,11.38h5.75v-5.69h-5.75v5.69Zm0,11.38h5.75v-5.69h-5.75v5.69Zm36.99-11.38h5.75v-5.69h-5.75v5.69Zm5.75-28.46h-5.75v5.69h5.75v-5.69Zm-5.75,39.84h5.75v-5.69h-5.75v5.69Zm0-22.77h5.75v-5.69h-5.75v5.69Z\"><\/path><\/svg>\t\t\t\t<\/span>\n\t\t\t<\/div>\n\t\t\t\n\t\t\t\t\t\t<div class=\"elementor-icon-box-content\">\n\n\t\t\t\t\t\t\t\t\t<p class=\"elementor-icon-box-title\">\n\t\t\t\t\t\t<span  >\n\t\t\t\t\t\t\tSyst\u00e8me modulaire\t\t\t\t\t\t<\/span>\n\t\t\t\t\t<\/p>\n\t\t\t\t\n\t\t\t\t\n\t\t\t<\/div>\n\t\t\t\n\t\t<\/div>\n\t\t\t\t\t\t<\/div>\n\t\t\t\t<\/div>\n\t\t<div class=\"elementor-element elementor-element-840a627 e-con-full e-flex e-con e-child\" data-id=\"840a627\" data-element_type=\"container\" data-e-type=\"container\">\n\t\t\t\t<div class=\"elementor-element elementor-element-337b103 elementor-widget__width-initial elementor-widget elementor-widget-text-editor\" data-id=\"337b103\" data-element_type=\"widget\" data-e-type=\"widget\" data-widget_type=\"text-editor.default\">\n\t\t\t\t<div class=\"elementor-widget-container\">\n\t\t\t\t\t\t\t\t\t<p><strong>Syst\u00e8me modulaire pour tour multibroche, qui permet la mise en place de plusieurs dispositifs standard en utilisant une seule adaptation sp\u00e9cifique pour la machine.<\/strong><br>Grace \u00e0 ce syst\u00e8me, il est possible de changer rapidement d\u2019accessoire frontal.<br>Seulement en d\u00e9montant une flasque fix\u00e9e par 2 vis, il est possible d\u2019\u00e9quiper la machine avec les appareils suivants:<\/p>\n<ul>\n<li>Broche frontale fixe<\/li>\n<li>Broche frontale rotative<\/li>\n<li>Broche frontale \u00e0 haute vitesse<\/li>\n<li>Fraiseur frontal rotatif<\/li>\n<li>Perceur frontal pour per\u00e7age excentr\u00e9<\/li>\n<\/ul>\n<p>Avec ce syst\u00e8me il est possible d\u2019utiliser tous les accessoires.<\/p>\t\t\t\t\t\t\t\t<\/div>\n\t\t\t\t<\/div>\n\t\t\t\t<\/div>\n\t\t\t\t\t<\/div>\n\t\t\t\t<\/div>\n\t\t<div class=\"elementor-element elementor-element-6e6ed9e e-flex e-con-boxed e-con e-parent\" data-id=\"6e6ed9e\" data-element_type=\"container\" data-e-type=\"container\" data-settings=\"{&quot;background_background&quot;:&quot;classic&quot;}\">\n\t\t\t\t\t<div class=\"e-con-inner\">\n\t\t\t\t<div class=\"elementor-element elementor-element-ca52861 gallery-media elementor-skin-carousel elementor-arrows-yes elementor-widget elementor-widget-media-carousel\" data-id=\"ca52861\" data-element_type=\"widget\" data-e-type=\"widget\" data-settings=\"{&quot;slides_per_view&quot;:&quot;1&quot;,&quot;slides_per_view_tablet&quot;:&quot;1&quot;,&quot;skin&quot;:&quot;carousel&quot;,&quot;effect&quot;:&quot;slide&quot;,&quot;show_arrows&quot;:&quot;yes&quot;,&quot;speed&quot;:500,&quot;autoplay&quot;:&quot;yes&quot;,&quot;autoplay_speed&quot;:5000,&quot;loop&quot;:&quot;yes&quot;,&quot;pause_on_interaction&quot;:&quot;yes&quot;,&quot;space_between&quot;:{&quot;unit&quot;:&quot;px&quot;,&quot;size&quot;:10,&quot;sizes&quot;:[]},&quot;space_between_tablet&quot;:{&quot;unit&quot;:&quot;px&quot;,&quot;size&quot;:10,&quot;sizes&quot;:[]},&quot;space_between_mobile&quot;:{&quot;unit&quot;:&quot;px&quot;,&quot;size&quot;:10,&quot;sizes&quot;:[]}}\" data-widget_type=\"media-carousel.default\">\n\t\t\t\t<div class=\"elementor-widget-container\">\n\t\t\t\t\t\t\t\t\t<div class=\"elementor-swiper\">\n\t\t\t\t\t<div class=\"elementor-main-swiper swiper\" role=\"region\" aria-roledescription=\"carousel\" aria-label=\"Diapositives\">\n\t\t\t\t<div class=\"swiper-wrapper\">\n\t\t\t\t\t\t\t\t\t\t\t<div class=\"swiper-slide\" role=\"group\" aria-roledescription=\"slide\">\n\t\t\t\t\t\t\t\t\t<div class=\"elementor-carousel-image\" role=\"img\" aria-label=\"Accessori modulari tornio meccanico o CNC Autor\" style=\"background-image: url(&#039;https:\/\/autor.it\/wp-content\/uploads\/2024\/08\/SUPPORTO_MODULARE-1-768x405.png&#039;)\">\n\n\t\t\t\n\t\t\t\t\t<\/div>\n\t\t\t\t\t<div class=\"elementor-carousel-image-overlay e-overlay-animation-fade\">\n\t\t\t\tSupport modulaire\t\t\t<\/div>\n\t\t\t\t\t\t\t\t\t<\/div>\n\t\t\t\t\t\t\t\t\t\t\t<div class=\"swiper-slide\" role=\"group\" aria-roledescription=\"slide\">\n\t\t\t\t\t\t\t\t\t<div class=\"elementor-carousel-image\" role=\"img\" aria-label=\"Brocciatore Modulare\" style=\"background-image: url(&#039;https:\/\/autor.it\/wp-content\/uploads\/2024\/08\/MOD_BROCCIATORE-768x587.jpg&#039;)\">\n\n\t\t\t\n\t\t\t\t\t<\/div>\n\t\t\t\t\t<div class=\"elementor-carousel-image-overlay e-overlay-animation-fade\">\n\t\t\t\tBrocheuse modulaire\t\t\t<\/div>\n\t\t\t\t\t\t\t\t\t<\/div>\n\t\t\t\t\t\t\t\t\t\t\t<div class=\"swiper-slide\" role=\"group\" aria-roledescription=\"slide\">\n\t\t\t\t\t\t\t\t\t<div class=\"elementor-carousel-image\" role=\"img\" aria-label=\"Mandrino Frontale Rotante Modulare\" style=\"background-image: url(&#039;https:\/\/autor.it\/wp-content\/uploads\/2024\/08\/MOD_MANDR_ROT-768x587.jpg&#039;)\">\n\n\t\t\t\n\t\t\t\t\t<\/div>\n\t\t\t\t\t<div class=\"elementor-carousel-image-overlay e-overlay-animation-fade\">\n\t\t\t\tBroche avant rotative modulaire\t\t\t<\/div>\n\t\t\t\t\t\t\t\t\t<\/div>\n\t\t\t\t\t\t\t\t\t\t\t<div class=\"swiper-slide\" role=\"group\" aria-roledescription=\"slide\">\n\t\t\t\t\t\t\t\t\t<div class=\"elementor-carousel-image\" role=\"img\" aria-label=\"Mandrino Frontale Fisso Modulare\" style=\"background-image: url(&#039;https:\/\/autor.it\/wp-content\/uploads\/2024\/08\/MOD_MANDR_FISSO-768x587.jpg&#039;)\">\n\n\t\t\t\n\t\t\t\t\t<\/div>\n\t\t\t\t\t<div class=\"elementor-carousel-image-overlay e-overlay-animation-fade\">\n\t\t\t\tBroche frontale fixe modulaire\t\t\t<\/div>\n\t\t\t\t\t\t\t\t\t<\/div>\n\t\t\t\t\t\t\t\t\t<\/div>\n\t\t\t\t\t\t\t\t\t\t\t\t\t\t\t<div class=\"elementor-swiper-button elementor-swiper-button-prev\" role=\"button\" tabindex=\"0\" aria-label=\"Pr\u00e9c\u00e9dent\">\n\t\t\t\t\t\t\t<svg aria-hidden=\"true\" class=\"e-font-icon-svg e-eicon-chevron-left\" viewBox=\"0 0 1000 1000\" xmlns=\"http:\/\/www.w3.org\/2000\/svg\"><path d=\"M646 125C629 125 613 133 604 142L308 442C296 454 292 471 292 487 292 504 296 521 308 533L604 854C617 867 629 875 646 875 663 875 679 871 692 858 704 846 713 829 713 812 713 796 708 779 692 767L438 487 692 225C700 217 708 204 708 187 708 171 704 154 692 142 675 129 663 125 646 125Z\"><\/path><\/svg>\t\t\t\t\t\t<\/div>\n\t\t\t\t\t\t<div class=\"elementor-swiper-button elementor-swiper-button-next\" role=\"button\" tabindex=\"0\" aria-label=\"Suivant\">\n\t\t\t\t\t\t\t<svg aria-hidden=\"true\" class=\"e-font-icon-svg e-eicon-chevron-right\" viewBox=\"0 0 1000 1000\" xmlns=\"http:\/\/www.w3.org\/2000\/svg\"><path d=\"M696 533C708 521 713 504 713 487 713 471 708 454 696 446L400 146C388 133 375 125 354 125 338 125 325 129 313 142 300 154 292 171 292 187 292 204 296 221 308 233L563 492 304 771C292 783 288 800 288 817 288 833 296 850 308 863 321 871 338 875 354 875 371 875 388 867 400 854L696 533Z\"><\/path><\/svg>\t\t\t\t\t\t<\/div>\n\t\t\t\t\t\t\t\t\t\t\t\t\t\t\t\t\t<\/div>\n\t\t\t\t<\/div>\n\t\t\t\t\t\t\t\t<\/div>\n\t\t\t\t<\/div>\n\t\t\t\t\t<\/div>\n\t\t\t\t<\/div>\n\t\t<div class=\"elementor-element elementor-element-18e57ed e-flex e-con-boxed e-con e-parent\" data-id=\"18e57ed\" data-element_type=\"container\" data-e-type=\"container\">\n\t\t\t\t\t<div class=\"e-con-inner\">\n\t\t\t\t<div class=\"elementor-element elementor-element-8efe265 sottolineato-positivo elementor-widget elementor-widget-heading\" data-id=\"8efe265\" data-element_type=\"widget\" data-e-type=\"widget\" data-widget_type=\"heading.default\">\n\t\t\t\t<div class=\"elementor-widget-container\">\n\t\t\t\t\t<h2 class=\"elementor-heading-title elementor-size-default\">Principales caract\u00e9ristiques<\/h2>\t\t\t\t<\/div>\n\t\t\t\t<\/div>\n\t\t\t\t<div class=\"elementor-element elementor-element-5171378 elementor-widget elementor-widget-text-editor\" data-id=\"5171378\" data-element_type=\"widget\" data-e-type=\"widget\" data-widget_type=\"text-editor.default\">\n\t\t\t\t<div class=\"elementor-widget-container\">\n\t\t\t\t\t\t\t\t\t<ul>\n<li>\u00c0 changement rapide<\/li>\n<li>Possibilit\u00e9 de pr\u00e9r\u00e9glage<\/li>\n<li>Les accessoires sont interchangeables<\/li>\n<\/ul>\n\t\t\t\t\t\t\t\t<\/div>\n\t\t\t\t<\/div>\n\t\t\t\t\t<\/div>\n\t\t\t\t<\/div>\n\t\t<div class=\"elementor-element elementor-element-161f75d e-flex e-con-boxed e-con e-parent\" data-id=\"161f75d\" data-element_type=\"container\" data-e-type=\"container\" data-settings=\"{&quot;background_background&quot;:&quot;classic&quot;}\">\n\t\t\t\t\t<div class=\"e-con-inner\">\n\t\t<div class=\"elementor-element elementor-element-31f7ee0 e-con-full e-flex e-con e-child\" data-id=\"31f7ee0\" data-element_type=\"container\" data-e-type=\"container\">\n\t\t\t\t<div class=\"elementor-element elementor-element-b826853 elementor-widget elementor-widget-heading\" data-id=\"b826853\" data-element_type=\"widget\" data-e-type=\"widget\" data-widget_type=\"heading.default\">\n\t\t\t\t<div class=\"elementor-widget-container\">\n\t\t\t\t\t<p class=\"elementor-heading-title elementor-size-default\">Fiche technique<\/p>\t\t\t\t<\/div>\n\t\t\t\t<\/div>\n\t\t\t\t<div class=\"elementor-element elementor-element-f157b8f elementor-position-inline-start ico-sfondo sottolineato-negativo-a animazione-icona elementor-mobile-position-inline-start elementor-view-stacked elementor-shape-circle elementor-widget elementor-widget-icon-box\" data-id=\"f157b8f\" data-element_type=\"widget\" data-e-type=\"widget\" data-widget_type=\"icon-box.default\">\n\t\t\t\t<div class=\"elementor-widget-container\">\n\t\t\t\t\t\t\t<div class=\"elementor-icon-box-wrapper\">\n\n\t\t\t\t\t\t<div class=\"elementor-icon-box-icon\">\n\t\t\t\t<a href=\"https:\/\/autor.it\/brochure-pdf\/AUTOR_sistema-modulare-IT.pdf\" target=\"_blank\" class=\"elementor-icon\" tabindex=\"-1\" aria-label=\"Syst\u00e8me modulaire pour tour multibroche\">\n\t\t\t\t<svg xmlns=\"http:\/\/www.w3.org\/2000\/svg\" xmlns:xlink=\"http:\/\/www.w3.org\/1999\/xlink\" id=\"Livello_1\" x=\"0px\" y=\"0px\" viewBox=\"0 0 324.2 357.2\" style=\"enable-background:new 0 0 324.2 357.2;\" xml:space=\"preserve\"> <g> <polygon points=\"34.6,282.1 34.6,34.6 184.6,34.6 217.2,66.5 217.2,117.7 251.9,117.7 251.9,51.8 198.6,0 0,0 0,316.7 131.3,316.7 99.5,282.1 \"><\/polygon> <polygon points=\"253.5,239.1 253.5,148.1 178.1,148.1 178.1,239.1 107.4,239.1 215.8,357.2 324.2,239.1 \"><\/polygon> <\/g> <\/svg>\t\t\t\t<\/a>\n\t\t\t<\/div>\n\t\t\t\n\t\t\t\t\t\t<div class=\"elementor-icon-box-content\">\n\n\t\t\t\t\t\t\t\t\t<h3 class=\"elementor-icon-box-title\">\n\t\t\t\t\t\t<a href=\"https:\/\/autor.it\/brochure-pdf\/AUTOR_sistema-modulare-IT.pdf\" target=\"_blank\" >\n\t\t\t\t\t\t\tSyst\u00e8me modulaire pour tour multibroche\t\t\t\t\t\t<\/a>\n\t\t\t\t\t<\/h3>\n\t\t\t\t\n\t\t\t\t\t\t\t\t\t<p class=\"elementor-icon-box-description\">\n\t\t\t\t\t\tSyst\u00e8me modulaire\t\t\t\t\t<\/p>\n\t\t\t\t\n\t\t\t<\/div>\n\t\t\t\n\t\t<\/div>\n\t\t\t\t\t\t<\/div>\n\t\t\t\t<\/div>\n\t\t\t\t<\/div>\n\t\t\t\t\t<\/div>\n\t\t\t\t<\/div>\n\t\t<div class=\"elementor-element elementor-element-ff02e36 e-flex e-con-boxed e-con e-parent\" data-id=\"ff02e36\" data-element_type=\"container\" data-e-type=\"container\" data-settings=\"{&quot;background_background&quot;:&quot;classic&quot;}\">\n\t\t\t\t\t<div class=\"e-con-inner\">\n\t\t\t\t<div class=\"elementor-element elementor-element-1d5e38e elementor-view-default elementor-widget elementor-widget-icon\" data-id=\"1d5e38e\" data-element_type=\"widget\" data-e-type=\"widget\" data-widget_type=\"icon.default\">\n\t\t\t\t<div class=\"elementor-widget-container\">\n\t\t\t\t\t\t\t<div class=\"elementor-icon-wrapper\">\n\t\t\t<div class=\"elementor-icon\">\n\t\t\t<svg xmlns=\"http:\/\/www.w3.org\/2000\/svg\" id=\"Livello_1\" viewBox=\"0 0 298 298\"><path d=\"m249.99,87.48h-19.13v-2.89c0-3.6-2.42-6.79-5.88-7.77l-12.61-3.55c-1.43-5.17-3.48-10.13-6.12-14.79l6.4-11.42c1.76-3.14,1.21-7.11-1.33-9.65l-8.86-8.86c-2.55-2.55-6.52-3.09-9.65-1.33l-11.42,6.4c-4.66-2.64-9.63-4.7-14.8-6.13l-3.55-12.61c-.98-3.46-4.17-5.88-7.77-5.88h-12.53c-3.6,0-6.79,2.42-7.77,5.88l-3.55,12.61c-5.17,1.43-10.13,3.48-14.79,6.12l-11.42-6.4c-3.14-1.76-7.11-1.21-9.65,1.33l-8.86,8.86c-2.54,2.54-3.09,6.51-1.33,9.65l6.4,11.42c-2.64,4.66-4.7,9.62-6.12,14.79l-12.61,3.55c-3.46.98-5.88,4.17-5.88,7.77v2.89s-19.13,0-19.13,0c-7.5,0-13.6,6.1-13.6,13.6v123.95c0,7.5,6.1,13.6,13.6,13.6h75.46v12.89l-26.53,11.72c-1.54.68-2.53,2.21-2.53,3.89v17.63c0,2.35,1.91,4.25,4.25,4.25h100.7c2.35,0,4.25-1.91,4.25-4.25v-17.63c0-1.68-1-3.21-2.53-3.89l-26.53-11.72v-12.89h75.46c7.5,0,13.6-6.1,13.6-13.6v-123.95c0-7.5-6.1-13.6-13.6-13.6Zm-175.36-4.96l15.9-4.48.41-1.67c1.43-5.76,3.7-11.26,6.76-16.34l.89-1.48-8.07-14.4c-.47-.83-.32-1.89.35-2.57l8.86-8.86c.68-.68,1.73-.82,2.56-.35l14.4,8.07,1.48-.89c5.08-3.06,10.58-5.34,16.34-6.76l1.67-.41,4.48-15.9c.26-.92,1.11-1.56,2.06-1.56h12.53c.96,0,1.81.64,2.06,1.56l4.48,15.9,1.67.41c5.76,1.43,11.26,3.7,16.34,6.76l1.48.89,14.4-8.07c.83-.47,1.89-.32,2.57.35l8.86,8.86c.68.68.82,1.73.35,2.57l-8.07,14.4.89,1.48c3.06,5.08,5.34,10.58,6.76,16.34l.41,1.67,15.9,4.48c.92.26,1.56,1.11,1.56,2.06v12.53c0,.96-.64,1.81-1.56,2.07l-15.9,4.48-.41,1.67c-1.43,5.76-3.7,11.26-6.76,16.34l-.89,1.48,8.07,14.4c.47.83.32,1.89-.35,2.56l-8.86,8.86c-.68.68-1.73.82-2.57.35l-14.4-8.07-1.48.89c-5.08,3.06-10.58,5.34-16.34,6.77l-1.67.41-4.48,15.9c-.26.92-1.11,1.56-2.06,1.56h-12.53c-.96,0-1.81-.64-2.06-1.56l-4.48-15.9-1.67-.41c-5.76-1.43-11.26-3.7-16.34-6.77l-1.48-.89-14.4,8.07c-.83.47-1.89.32-2.57-.35l-8.86-8.86c-.68-.68-.82-1.73-.35-2.57l8.07-14.4-.89-1.48c-3.06-5.08-5.34-10.58-6.76-16.34l-.41-1.67-15.9-4.48c-.92-.26-1.56-1.11-1.56-2.06v-12.53c0-.96.64-1.81,1.56-2.06Zm96.51,173.96l26.53,11.72v14.86h-97.35v-14.86l26.53-11.72c1.54-.68,2.54-2.21,2.54-3.89v-13.98h39.22v13.98c0,1.68.99,3.21,2.53,3.89Zm86.52-31.46c0,4.23-3.44,7.67-7.67,7.67H48.01c-4.23,0-7.67-3.44-7.67-7.67v-123.95c0-4.23,3.44-7.67,7.67-7.67h19.13v3.71c0,3.6,2.42,6.79,5.88,7.77l12.61,3.55c1.43,5.17,3.48,10.13,6.12,14.79l-6.4,11.42c-1.76,3.14-1.21,7.11,1.33,9.65l8.86,8.86c2.55,2.54,6.52,3.09,9.65,1.33l11.42-6.4c4.66,2.64,9.62,4.7,14.79,6.13l3.55,12.61c.98,3.46,4.17,5.88,7.77,5.88h12.53c3.6,0,6.79-2.42,7.77-5.88l3.55-12.61c5.17-1.43,10.13-3.48,14.8-6.13l11.42,6.4c3.14,1.76,7.11,1.21,9.66-1.33l8.86-8.86c2.54-2.55,3.09-6.51,1.33-9.65l-6.4-11.42c2.64-4.66,4.7-9.62,6.13-14.8l12.61-3.55c3.46-.98,5.88-4.17,5.88-7.77v-3.71s19.13,0,19.13,0c4.23,0,7.67,3.44,7.67,7.67v123.95Z\"><\/path><path d=\"m234.94,148.73c-1.64,0-2.96,1.33-2.96,2.96v55.02c0,.71-.58,1.29-1.29,1.29H67.31c-.71,0-1.29-.58-1.29-1.29v-55.02c0-1.64-1.33-2.96-2.96-2.96s-2.96,1.33-2.96,2.96v55.02c0,3.98,3.24,7.22,7.22,7.22h163.37c3.98,0,7.22-3.24,7.22-7.22v-55.02c0-1.64-1.33-2.96-2.96-2.96Z\"><\/path><path d=\"m149,121.07c16.89,0,30.62-13.74,30.62-30.62s-13.74-30.62-30.62-30.62-30.62,13.74-30.62,30.62,13.74,30.62,30.62,30.62Zm0-55.32c13.62,0,24.7,11.08,24.7,24.7s-11.08,24.7-24.7,24.7-24.7-11.08-24.7-24.7,11.08-24.7,24.7-24.7Z\"><\/path><\/svg>\t\t\t<\/div>\n\t\t<\/div>\n\t\t\t\t\t\t<\/div>\n\t\t\t\t<\/div>\n\t\t\t\t<div class=\"elementor-element elementor-element-1c18b7f elementor-widget elementor-widget-heading\" data-id=\"1c18b7f\" data-element_type=\"widget\" data-e-type=\"widget\" data-widget_type=\"heading.default\">\n\t\t\t\t<div class=\"elementor-widget-container\">\n\t\t\t\t\t<p class=\"elementor-heading-title elementor-size-default\">Avez-vous trouv\u00e9 un produit qui vous convient,<br>ou avez-vous un besoin particulier ?<\/p>\t\t\t\t<\/div>\n\t\t\t\t<\/div>\n\t\t\t\t<div class=\"elementor-element elementor-element-2fa46e5 elementor-align-center elementor-widget elementor-widget-button\" data-id=\"2fa46e5\" data-element_type=\"widget\" data-e-type=\"widget\" data-widget_type=\"button.default\">\n\t\t\t\t<div class=\"elementor-widget-container\">\n\t\t\t\t\t\t\t\t\t<div class=\"elementor-button-wrapper\">\n\t\t\t\t\t<a class=\"elementor-button elementor-button-link elementor-size-sm\" href=\"https:\/\/autor.it\/fr\/contact\/\">\n\t\t\t\t\t\t<span class=\"elementor-button-content-wrapper\">\n\t\t\t\t\t\t\t\t\t<span class=\"elementor-button-text\">Contactez-nous<\/span>\n\t\t\t\t\t<\/span>\n\t\t\t\t\t<\/a>\n\t\t\t\t<\/div>\n\t\t\t\t\t\t\t\t<\/div>\n\t\t\t\t<\/div>\n\t\t\t\t\t<\/div>\n\t\t\t\t<\/div>\n\t\t\t\t<\/div>\n\t\t","protected":false},"excerpt":{"rendered":"<p>Syst\u00e8me modulaire Syst\u00e8me modulaire pour tour multibroche, qui permet la mise en place de plusieurs dispositifs standard en utilisant une seule adaptation sp\u00e9cifique pour la machine.Grace \u00e0 ce syst\u00e8me, il est possible de changer rapidement d\u2019accessoire frontal.Seulement en d\u00e9montant une flasque fix\u00e9e par 2 vis, il est possible d\u2019\u00e9quiper la machine avec les appareils suivants: [&hellip;]<\/p>\n","protected":false},"author":1,"featured_media":8210,"parent":8498,"menu_order":0,"comment_status":"closed","ping_status":"closed","template":"","meta":{"_acf_changed":false,"footnotes":""},"class_list":["post-8584","page","type-page","status-publish","has-post-thumbnail","hentry"],"acf":[],"_links":{"self":[{"href":"https:\/\/autor.it\/fr\/wp-json\/wp\/v2\/pages\/8584","targetHints":{"allow":["GET"]}}],"collection":[{"href":"https:\/\/autor.it\/fr\/wp-json\/wp\/v2\/pages"}],"about":[{"href":"https:\/\/autor.it\/fr\/wp-json\/wp\/v2\/types\/page"}],"author":[{"embeddable":true,"href":"https:\/\/autor.it\/fr\/wp-json\/wp\/v2\/users\/1"}],"replies":[{"embeddable":true,"href":"https:\/\/autor.it\/fr\/wp-json\/wp\/v2\/comments?post=8584"}],"version-history":[{"count":9,"href":"https:\/\/autor.it\/fr\/wp-json\/wp\/v2\/pages\/8584\/revisions"}],"predecessor-version":[{"id":10575,"href":"https:\/\/autor.it\/fr\/wp-json\/wp\/v2\/pages\/8584\/revisions\/10575"}],"up":[{"embeddable":true,"href":"https:\/\/autor.it\/fr\/wp-json\/wp\/v2\/pages\/8498"}],"wp:featuredmedia":[{"embeddable":true,"href":"https:\/\/autor.it\/fr\/wp-json\/wp\/v2\/media\/8210"}],"wp:attachment":[{"href":"https:\/\/autor.it\/fr\/wp-json\/wp\/v2\/media?parent=8584"}],"curies":[{"name":"wp","href":"https:\/\/api.w.org\/{rel}","templated":true}]}}