{"id":8590,"date":"2024-08-27T09:29:23","date_gmt":"2024-08-27T07:29:23","guid":{"rendered":"https:\/\/autor.it\/solutions\/accessoires-tornos-multiswiss\/"},"modified":"2024-10-15T12:40:36","modified_gmt":"2024-10-15T10:40:36","slug":"accessoires-tornos-multiswiss","status":"publish","type":"page","link":"https:\/\/autor.it\/fr\/solutions\/accessoires-tornos-multiswiss\/","title":{"rendered":"Accessoires Tornos Multiswiss"},"content":{"rendered":"\t\t<div data-elementor-type=\"wp-page\" data-elementor-id=\"8590\" class=\"elementor elementor-8590 elementor-7963\" data-elementor-post-type=\"page\">\n\t\t\t\t<div class=\"elementor-element elementor-element-7b020f3 e-flex e-con-boxed e-con e-parent\" data-id=\"7b020f3\" data-element_type=\"container\" data-e-type=\"container\">\n\t\t\t\t\t<div class=\"e-con-inner\">\n\t\t\t\t<div class=\"elementor-element elementor-element-2641987 sottolineato-positivo elementor-widget elementor-widget-heading\" data-id=\"2641987\" data-element_type=\"widget\" data-e-type=\"widget\" data-widget_type=\"heading.default\">\n\t\t\t\t<div class=\"elementor-widget-container\">\n\t\t\t\t\t<h1 class=\"elementor-heading-title elementor-size-default\">Accessoires Tornos Multiswiss<\/h1>\t\t\t\t<\/div>\n\t\t\t\t<\/div>\n\t\t\t\t<div class=\"elementor-element elementor-element-397a586 elementor-position-inline-start elementor-mobile-position-inline-start elementor-view-default elementor-widget elementor-widget-icon-box\" data-id=\"397a586\" data-element_type=\"widget\" data-e-type=\"widget\" data-widget_type=\"icon-box.default\">\n\t\t\t\t<div class=\"elementor-widget-container\">\n\t\t\t\t\t\t\t<div class=\"elementor-icon-box-wrapper\">\n\n\t\t\t\t\t\t<div class=\"elementor-icon-box-icon\">\n\t\t\t\t<span  class=\"elementor-icon\">\n\t\t\t\t<svg xmlns=\"http:\/\/www.w3.org\/2000\/svg\" id=\"Livello_1\" viewBox=\"0 0 298 298\"><path d=\"m149,122.81c-14.44,0-26.19,11.75-26.19,26.19s11.75,26.19,26.19,26.19,26.19-11.75,26.19-26.19-11.75-26.19-26.19-26.19Zm0,40.82c-8.07,0-14.63-6.56-14.63-14.63s6.56-14.63,14.63-14.63,14.63,6.56,14.63,14.63-6.56,14.63-14.63,14.63ZM79.23,60.05c-4.4-7.63-1.79-17.38,5.84-21.78,7.63-4.4,17.38-1.79,21.78,5.84,4.4,7.63,1.79,17.38-5.84,21.78-7.63,4.4-17.38,1.79-21.78-5.84Zm69.77,28.28c-33.45,0-60.67,27.22-60.67,60.67s27.22,60.67,60.67,60.67,60.67-27.22,60.67-60.67-27.22-60.67-60.67-60.67Zm0,109.79c-27.08,0-49.11-22.03-49.11-49.12s22.03-49.12,49.11-49.12,49.11,22.03,49.11,49.12-22.03,49.12-49.11,49.12Zm125.51-121.59c-19.36-33.53-50.61-57.51-88-67.53-37.39-10.02-76.45-4.88-109.97,14.48C7.33,63.44-16.47,152.26,23.49,221.47c19.36,33.53,50.61,57.51,88,67.53,12.49,3.35,25.16,5,37.75,5,25.11,0,49.9-6.59,72.23-19.48,69.21-39.96,93-128.78,53.05-197.99Zm-2.26,123.26c-.59-.54-1.24-1.02-1.96-1.43l-37.21-21.49c2.96-8.95,4.47-18.32,4.47-27.86s-1.5-18.91-4.47-27.86l37.21-21.49c.74-.43,1.41-.93,2.01-1.49,13.74,33.28,13.01,69.82-.05,101.63Zm-116.89,35.75v42.94h-12.72v-42.94c0-5.35-3.82-10.01-9.09-11.08-16.17-3.29-31.15-11.96-42.19-24.4-3.55-4-9.47-4.96-14.1-2.29l-37.22,21.48-6.35-11.01,37.18-21.48c4.62-2.67,6.75-8.29,5.06-13.36-2.61-7.83-3.94-16.03-3.94-24.4s1.33-16.57,3.94-24.4c1.69-5.07-.44-10.69-5.06-13.36l-37.18-21.48,6.35-11.01,37.21,21.48c4.62,2.67,10.55,1.71,14.1-2.29,11.04-12.44,26.02-21.11,42.19-24.4,5.26-1.07,9.09-5.73,9.09-11.08V19.52h12.72v42.94c0,5.35,3.83,10.01,9.09,11.08,16.18,3.29,31.16,11.95,42.18,24.39,3.55,4,9.48,4.97,14.1,2.3l37.21-21.48,6.35,11.01-37.18,21.48c-4.62,2.67-6.75,8.29-5.06,13.36,2.61,7.83,3.94,16.03,3.94,24.4s-1.33,16.57-3.94,24.4c-1.69,5.07.44,10.69,5.06,13.36l37.18,21.48-6.35,11.01-37.21-21.48c-4.63-2.67-10.56-1.7-14.1,2.3-11.02,12.44-26,21.11-42.18,24.39-5.27,1.07-9.09,5.73-9.09,11.08Zm99.33-167.92c-.79.24-1.56.57-2.3,1l-37.24,21.49c-12.62-14.18-29.74-24.07-48.23-27.87V19.27c0-.86-.1-1.69-.29-2.5,5.65.77,11.29,1.89,16.89,3.39,28.67,7.68,53.41,24.29,71.17,47.46ZM82.31,33.49c15.37-8.87,32-14.5,49.07-16.77-.19.82-.3,1.67-.3,2.55v42.98c-18.48,3.8-35.59,13.69-48.23,27.87l-37.24-21.5c-.74-.42-1.5-.75-2.28-.99,10.33-13.45,23.4-25.14,38.98-34.14ZM25.74,98.21c.59.54,1.24,1.02,1.96,1.44l37.21,21.49c-2.96,8.95-4.47,18.32-4.47,27.86s1.5,18.91,4.47,27.86l-37.21,21.49c-.74.43-1.41.93-2.01,1.49-13.75-33.28-13.01-69.82.05-101.63Zm17.57,132.17c.79-.24,1.56-.57,2.3-1l37.24-21.5c12.64,14.18,29.75,24.06,48.23,27.87v42.98c0,.86.1,1.69.29,2.49-5.65-.77-11.29-1.89-16.89-3.39-28.67-7.68-53.41-24.29-71.17-47.46Zm172.37,34.13c-15.37,8.87-32,14.5-49.07,16.77.19-.82.3-1.67.3-2.55v-42.98c18.49-3.79,35.61-13.68,48.23-27.87l37.24,21.49c.73.42,1.5.75,2.28.99-10.33,13.45-23.4,25.14-38.98,34.14ZM21.14,149c0-8.81,7.14-15.95,15.95-15.95s15.95,7.14,15.95,15.95-7.14,15.95-15.95,15.95-15.95-7.14-15.95-15.95Zm85.71,104.9c-4.4,7.63-14.16,10.24-21.78,5.84-7.63-4.4-10.24-14.16-5.84-21.78,4.4-7.63,14.16-10.24,21.78-5.84s10.24,14.16,5.84,21.78Zm111.91-15.95c4.4,7.63,1.79,17.38-5.84,21.78-7.63,4.4-17.38,1.79-21.78-5.84-4.4-7.63-1.79-17.38,5.84-21.78,7.63-4.4,17.38-1.79,21.78,5.84Zm58.09-88.95c0,8.81-7.14,15.95-15.95,15.95s-15.95-7.14-15.95-15.95,7.14-15.95,15.95-15.95,15.95,7.14,15.95,15.95Zm-85.71-104.9c4.4-7.63,14.16-10.24,21.78-5.84,7.63,4.4,10.24,14.16,5.84,21.78-4.4,7.63-14.16,10.24-21.78,5.84-7.63-4.4-10.24-14.16-5.84-21.78Z\"><\/path><\/svg>\t\t\t\t<\/span>\n\t\t\t<\/div>\n\t\t\t\n\t\t\t\t\t\t<div class=\"elementor-icon-box-content\">\n\n\t\t\t\t\t\t\t\t\t<p class=\"elementor-icon-box-title\">\n\t\t\t\t\t\t<span  >\n\t\t\t\t\t\t\tAccessoires modulaires pour Tornos Multiswiss\t\t\t\t\t\t<\/span>\n\t\t\t\t\t<\/p>\n\t\t\t\t\n\t\t\t\t\n\t\t\t<\/div>\n\t\t\t\n\t\t<\/div>\n\t\t\t\t\t\t<\/div>\n\t\t\t\t<\/div>\n\t\t<div class=\"elementor-element elementor-element-ecc70ea e-con-full e-flex e-con e-child\" data-id=\"ecc70ea\" data-element_type=\"container\" data-e-type=\"container\">\n\t\t\t\t<div class=\"elementor-element elementor-element-ae1441b elementor-widget__width-initial elementor-widget elementor-widget-text-editor\" data-id=\"ae1441b\" data-element_type=\"widget\" data-e-type=\"widget\" data-widget_type=\"text-editor.default\">\n\t\t\t\t<div class=\"elementor-widget-container\">\n\t\t\t\t\t\t\t\t\t<p><strong>Accessoires modulaires pour TORNOS MULTISWISS 6X16, 8X26 et 6X32.<\/strong><\/p>\n<p>La conception modulaire de ces accessoires garantie extr\u00eame simplicit\u00e9 de setup, int\u00e9gration totale dans le syst\u00e8me Multiswiss et une notable r\u00e9duction du temps d\u2019installation.<\/p>\n<p>La vari\u00e9t\u00e9 d\u2019accessoires disponibles offre une solution \u00e0 n\u2019importe quelle n\u00e9cessit\u00e9, \u00e0 partir de simples porte-outils jusqu\u2019\u00e0 dispositifs fraiseurs et de reprise fixe\/rotative.<\/p>\n\t\t\t\t\t\t\t\t<\/div>\n\t\t\t\t<\/div>\n\t\t\t\t<\/div>\n\t\t\t\t\t<\/div>\n\t\t\t\t<\/div>\n\t\t<div class=\"elementor-element elementor-element-d61c982 e-flex e-con-boxed e-con e-parent\" data-id=\"d61c982\" data-element_type=\"container\" data-e-type=\"container\" data-settings=\"{&quot;background_background&quot;:&quot;classic&quot;}\">\n\t\t\t\t\t<div class=\"e-con-inner\">\n\t\t\t\t<div class=\"elementor-element elementor-element-d73c4ad gallery-media elementor-skin-carousel elementor-arrows-yes elementor-widget elementor-widget-media-carousel\" data-id=\"d73c4ad\" data-element_type=\"widget\" data-e-type=\"widget\" data-settings=\"{&quot;slides_per_view&quot;:&quot;1&quot;,&quot;slides_per_view_tablet&quot;:&quot;1&quot;,&quot;skin&quot;:&quot;carousel&quot;,&quot;effect&quot;:&quot;slide&quot;,&quot;show_arrows&quot;:&quot;yes&quot;,&quot;speed&quot;:500,&quot;autoplay&quot;:&quot;yes&quot;,&quot;autoplay_speed&quot;:5000,&quot;loop&quot;:&quot;yes&quot;,&quot;pause_on_interaction&quot;:&quot;yes&quot;,&quot;space_between&quot;:{&quot;unit&quot;:&quot;px&quot;,&quot;size&quot;:10,&quot;sizes&quot;:[]},&quot;space_between_tablet&quot;:{&quot;unit&quot;:&quot;px&quot;,&quot;size&quot;:10,&quot;sizes&quot;:[]},&quot;space_between_mobile&quot;:{&quot;unit&quot;:&quot;px&quot;,&quot;size&quot;:10,&quot;sizes&quot;:[]}}\" data-widget_type=\"media-carousel.default\">\n\t\t\t\t<div class=\"elementor-widget-container\">\n\t\t\t\t\t\t\t\t\t<div class=\"elementor-swiper\">\n\t\t\t\t\t<div class=\"elementor-main-swiper swiper\" role=\"region\" aria-roledescription=\"carousel\" aria-label=\"Diapositives\">\n\t\t\t\t<div class=\"swiper-wrapper\">\n\t\t\t\t\t\t\t\t\t\t\t<div class=\"swiper-slide\" role=\"group\" aria-roledescription=\"slide\">\n\t\t\t\t\t\t\t\t\t<div class=\"elementor-carousel-image\" role=\"img\" aria-label=\"accessori modulari che integrano le potenzialit\u00e0 delle macchine Multiswiss\" style=\"background-image: url(&#039;https:\/\/autor.it\/wp-content\/uploads\/2024\/08\/Zona_Lavoro_Multiswiss-768x617.jpg&#039;)\">\n\n\t\t\t\n\t\t\t\t\t<\/div>\n\t\t\t\t\t<div class=\"elementor-carousel-image-overlay e-overlay-animation-fade\">\n\t\t\t\tAire d\u2019usinage Multiswiss\t\t\t<\/div>\n\t\t\t\t\t\t\t\t\t<\/div>\n\t\t\t\t\t\t\t\t\t\t\t<div class=\"swiper-slide\" role=\"group\" aria-roledescription=\"slide\">\n\t\t\t\t\t\t\t\t\t<div class=\"elementor-carousel-image\" role=\"img\" aria-label=\"Torretta Multiswiss\" style=\"background-image: url(&#039;https:\/\/autor.it\/wp-content\/uploads\/2024\/08\/Torretta_Multiswiss.png&#039;)\">\n\n\t\t\t\n\t\t\t\t\t<\/div>\n\t\t\t\t\t<div class=\"elementor-carousel-image-overlay e-overlay-animation-fade\">\n\t\t\t\tTourelle Multiswiss\t\t\t<\/div>\n\t\t\t\t\t\t\t\t\t<\/div>\n\t\t\t\t\t\t\t\t\t\t\t<div class=\"swiper-slide\" role=\"group\" aria-roledescription=\"slide\">\n\t\t\t\t\t\t\t\t\t<div class=\"elementor-carousel-image\" role=\"img\" aria-label=\"Foret triple Multiswiss\" style=\"background-image: url(&#039;https:\/\/autor.it\/wp-content\/uploads\/2024\/07\/Foratore_Triplo_Multiswiss-768x554.png&#039;)\">\n\n\t\t\t\n\t\t\t\t\t<\/div>\n\t\t\t\t\t<div class=\"elementor-carousel-image-overlay e-overlay-animation-fade\">\n\t\t\t\tForet triple Multiswiss\t\t\t<\/div>\n\t\t\t\t\t\t\t\t\t<\/div>\n\t\t\t\t\t\t\t\t\t\t\t<div class=\"swiper-slide\" role=\"group\" aria-roledescription=\"slide\">\n\t\t\t\t\t\t\t\t\t<div class=\"elementor-carousel-image\" role=\"img\" aria-label=\"Porta utensile doppio Multiswiss\" style=\"background-image: url(&#039;https:\/\/autor.it\/wp-content\/uploads\/2024\/08\/P_Ut_Doppio_Multiswiss-1.png&#039;)\">\n\n\t\t\t\n\t\t\t\t\t<\/div>\n\t\t\t\t\t<div class=\"elementor-carousel-image-overlay e-overlay-animation-fade\">\n\t\t\t\tPorte-outil double Multiswiss\t\t\t<\/div>\n\t\t\t\t\t\t\t\t\t<\/div>\n\t\t\t\t\t\t\t\t\t<\/div>\n\t\t\t\t\t\t\t\t\t\t\t\t\t\t\t<div class=\"elementor-swiper-button elementor-swiper-button-prev\" role=\"button\" tabindex=\"0\" aria-label=\"Pr\u00e9c\u00e9dent\">\n\t\t\t\t\t\t\t<svg aria-hidden=\"true\" class=\"e-font-icon-svg e-eicon-chevron-left\" viewBox=\"0 0 1000 1000\" xmlns=\"http:\/\/www.w3.org\/2000\/svg\"><path d=\"M646 125C629 125 613 133 604 142L308 442C296 454 292 471 292 487 292 504 296 521 308 533L604 854C617 867 629 875 646 875 663 875 679 871 692 858 704 846 713 829 713 812 713 796 708 779 692 767L438 487 692 225C700 217 708 204 708 187 708 171 704 154 692 142 675 129 663 125 646 125Z\"><\/path><\/svg>\t\t\t\t\t\t<\/div>\n\t\t\t\t\t\t<div class=\"elementor-swiper-button elementor-swiper-button-next\" role=\"button\" tabindex=\"0\" aria-label=\"Suivant\">\n\t\t\t\t\t\t\t<svg aria-hidden=\"true\" class=\"e-font-icon-svg e-eicon-chevron-right\" viewBox=\"0 0 1000 1000\" xmlns=\"http:\/\/www.w3.org\/2000\/svg\"><path d=\"M696 533C708 521 713 504 713 487 713 471 708 454 696 446L400 146C388 133 375 125 354 125 338 125 325 129 313 142 300 154 292 171 292 187 292 204 296 221 308 233L563 492 304 771C292 783 288 800 288 817 288 833 296 850 308 863 321 871 338 875 354 875 371 875 388 867 400 854L696 533Z\"><\/path><\/svg>\t\t\t\t\t\t<\/div>\n\t\t\t\t\t\t\t\t\t\t\t\t\t\t\t\t\t<\/div>\n\t\t\t\t<\/div>\n\t\t\t\t\t\t\t\t<\/div>\n\t\t\t\t<\/div>\n\t\t\t\t\t<\/div>\n\t\t\t\t<\/div>\n\t\t<div class=\"elementor-element elementor-element-85ae0b1 e-flex e-con-boxed e-con e-parent\" data-id=\"85ae0b1\" data-element_type=\"container\" data-e-type=\"container\">\n\t\t\t\t\t<div class=\"e-con-inner\">\n\t\t\t\t<div class=\"elementor-element elementor-element-a092cff sottolineato-positivo elementor-widget elementor-widget-heading\" data-id=\"a092cff\" data-element_type=\"widget\" data-e-type=\"widget\" data-widget_type=\"heading.default\">\n\t\t\t\t<div class=\"elementor-widget-container\">\n\t\t\t\t\t<h2 class=\"elementor-heading-title elementor-size-default\">Accessoires disponibles<\/h2>\t\t\t\t<\/div>\n\t\t\t\t<\/div>\n\t\t\t\t<div class=\"elementor-element elementor-element-ed52759 elementor-widget elementor-widget-text-editor\" data-id=\"ed52759\" data-element_type=\"widget\" data-e-type=\"widget\" data-widget_type=\"text-editor.default\">\n\t\t\t\t<div class=\"elementor-widget-container\">\n\t\t\t\t\t\t\t\t\t<ul>\n<li>Support porte-outils\n<ul>\n<li>Porte-outil \u00e0 2 al\u00e9sages (\u00d8 25 mm \u2013 \u00d8 36 mm)<\/li>\n<li>Porte-outil \u00e0 3 al\u00e9sages (\u00d8 25 mm)<\/li>\n<li>Porte-burin 16\u00d716 (SX \u2013 DX)<\/li>\n<li>Double porte-burin 12\u00d712 (DX)<\/li>\n<li>Perceur \u00d8 25 mm<\/li>\n<li>Support pour broche HFI (\u00d8 25 mm \u2013 \u00d8 30 mm)<\/li>\n<li>Perceur pour porte-outil \u00e0 2 al\u00e9sages (\u00d8 25 mm \u2013 \u00d8 36 mm)<\/li>\n<\/ul>\n<\/li>\n<li>Unit\u00e9 de per\u00e7age transversale<\/li>\n<li>Dispositif Fraiseur<\/li>\n<li>Dispositif Polygoneur<\/li>\n<li>Contre-op\u00e9ration fixe\n<ul>\n<li>Porte-perceur fixe<\/li>\n<li>Porte-burin<\/li>\n<li>Perceur \u00d8 25 mm<\/li>\n<\/ul>\n<\/li>\n<li>Contre-op\u00e9ration tournante\n<ul>\n<li>Perceur tournant avec arrosage<\/li>\n<li>Perceur fixe avec arrosage<\/li>\n<li>Porte-burin<\/li>\n<li>Dispositif de per\u00e7age radial<\/li>\n<li>Dispositif de fraisage (Fraise \u00d8 50 mm)<\/li>\n<\/ul>\n<\/li>\n<li>Porte-outil de tron\u00e7onnage\n<ul>\n<li>Porte-outil de tron\u00e7.16X16<\/li>\n<li>Porte-outil de tron\u00e7. pour outils ISCAR<\/li>\n<\/ul>\n<\/li>\n<li>Ravitaillement actif<\/li>\n<\/ul>\n\t\t\t\t\t\t\t\t<\/div>\n\t\t\t\t<\/div>\n\t\t\t\t\t<\/div>\n\t\t\t\t<\/div>\n\t\t<div class=\"elementor-element elementor-element-ad4a381 e-flex e-con-boxed e-con e-parent\" data-id=\"ad4a381\" data-element_type=\"container\" data-e-type=\"container\" data-settings=\"{&quot;background_background&quot;:&quot;classic&quot;}\">\n\t\t\t\t\t<div class=\"e-con-inner\">\n\t\t<div class=\"elementor-element elementor-element-8d33b4d e-con-full e-flex e-con e-child\" data-id=\"8d33b4d\" data-element_type=\"container\" data-e-type=\"container\">\n\t\t\t\t<div class=\"elementor-element elementor-element-52d6bce elementor-widget elementor-widget-heading\" data-id=\"52d6bce\" data-element_type=\"widget\" data-e-type=\"widget\" data-widget_type=\"heading.default\">\n\t\t\t\t<div class=\"elementor-widget-container\">\n\t\t\t\t\t<p class=\"elementor-heading-title elementor-size-default\">Catalogue<\/p>\t\t\t\t<\/div>\n\t\t\t\t<\/div>\n\t\t\t\t<div class=\"elementor-element elementor-element-b28f54d elementor-position-inline-start ico-sfondo sottolineato-negativo-a animazione-icona elementor-mobile-position-inline-start elementor-view-stacked elementor-shape-circle elementor-widget elementor-widget-icon-box\" data-id=\"b28f54d\" data-element_type=\"widget\" data-e-type=\"widget\" data-widget_type=\"icon-box.default\">\n\t\t\t\t<div class=\"elementor-widget-container\">\n\t\t\t\t\t\t\t<div class=\"elementor-icon-box-wrapper\">\n\n\t\t\t\t\t\t<div class=\"elementor-icon-box-icon\">\n\t\t\t\t<a href=\"https:\/\/autor.it\/brochure-pdf\/AUTOR_accessori-tornos-multswiss-IT.pdf\" target=\"_blank\" class=\"elementor-icon\" tabindex=\"-1\" aria-label=\"Accessoires Tornos Multiswiss\">\n\t\t\t\t<svg xmlns=\"http:\/\/www.w3.org\/2000\/svg\" xmlns:xlink=\"http:\/\/www.w3.org\/1999\/xlink\" id=\"Livello_1\" x=\"0px\" y=\"0px\" viewBox=\"0 0 324.2 357.2\" style=\"enable-background:new 0 0 324.2 357.2;\" xml:space=\"preserve\"> <g> <polygon points=\"34.6,282.1 34.6,34.6 184.6,34.6 217.2,66.5 217.2,117.7 251.9,117.7 251.9,51.8 198.6,0 0,0 0,316.7 131.3,316.7 99.5,282.1 \"><\/polygon> <polygon points=\"253.5,239.1 253.5,148.1 178.1,148.1 178.1,239.1 107.4,239.1 215.8,357.2 324.2,239.1 \"><\/polygon> <\/g> <\/svg>\t\t\t\t<\/a>\n\t\t\t<\/div>\n\t\t\t\n\t\t\t\t\t\t<div class=\"elementor-icon-box-content\">\n\n\t\t\t\t\t\t\t\t\t<h3 class=\"elementor-icon-box-title\">\n\t\t\t\t\t\t<a href=\"https:\/\/autor.it\/brochure-pdf\/AUTOR_accessori-tornos-multswiss-IT.pdf\" target=\"_blank\" >\n\t\t\t\t\t\t\tAccessoires Tornos Multiswiss\t\t\t\t\t\t<\/a>\n\t\t\t\t\t<\/h3>\n\t\t\t\t\n\t\t\t\t\t\t\t\t\t<p class=\"elementor-icon-box-description\">\n\t\t\t\t\t\t6x16 - 8x26 - 6x32\t\t\t\t\t<\/p>\n\t\t\t\t\n\t\t\t<\/div>\n\t\t\t\n\t\t<\/div>\n\t\t\t\t\t\t<\/div>\n\t\t\t\t<\/div>\n\t\t\t\t<\/div>\n\t\t\t\t\t<\/div>\n\t\t\t\t<\/div>\n\t\t<div class=\"elementor-element elementor-element-c671b22 e-flex e-con-boxed e-con e-parent\" data-id=\"c671b22\" data-element_type=\"container\" data-e-type=\"container\" data-settings=\"{&quot;background_background&quot;:&quot;classic&quot;}\">\n\t\t\t\t\t<div class=\"e-con-inner\">\n\t\t\t\t<div class=\"elementor-element elementor-element-20e76b7 elementor-view-default elementor-widget elementor-widget-icon\" data-id=\"20e76b7\" data-element_type=\"widget\" data-e-type=\"widget\" data-widget_type=\"icon.default\">\n\t\t\t\t<div class=\"elementor-widget-container\">\n\t\t\t\t\t\t\t<div class=\"elementor-icon-wrapper\">\n\t\t\t<div class=\"elementor-icon\">\n\t\t\t<svg xmlns=\"http:\/\/www.w3.org\/2000\/svg\" id=\"Livello_1\" viewBox=\"0 0 298 298\"><path d=\"m249.99,87.48h-19.13v-2.89c0-3.6-2.42-6.79-5.88-7.77l-12.61-3.55c-1.43-5.17-3.48-10.13-6.12-14.79l6.4-11.42c1.76-3.14,1.21-7.11-1.33-9.65l-8.86-8.86c-2.55-2.55-6.52-3.09-9.65-1.33l-11.42,6.4c-4.66-2.64-9.63-4.7-14.8-6.13l-3.55-12.61c-.98-3.46-4.17-5.88-7.77-5.88h-12.53c-3.6,0-6.79,2.42-7.77,5.88l-3.55,12.61c-5.17,1.43-10.13,3.48-14.79,6.12l-11.42-6.4c-3.14-1.76-7.11-1.21-9.65,1.33l-8.86,8.86c-2.54,2.54-3.09,6.51-1.33,9.65l6.4,11.42c-2.64,4.66-4.7,9.62-6.12,14.79l-12.61,3.55c-3.46.98-5.88,4.17-5.88,7.77v2.89s-19.13,0-19.13,0c-7.5,0-13.6,6.1-13.6,13.6v123.95c0,7.5,6.1,13.6,13.6,13.6h75.46v12.89l-26.53,11.72c-1.54.68-2.53,2.21-2.53,3.89v17.63c0,2.35,1.91,4.25,4.25,4.25h100.7c2.35,0,4.25-1.91,4.25-4.25v-17.63c0-1.68-1-3.21-2.53-3.89l-26.53-11.72v-12.89h75.46c7.5,0,13.6-6.1,13.6-13.6v-123.95c0-7.5-6.1-13.6-13.6-13.6Zm-175.36-4.96l15.9-4.48.41-1.67c1.43-5.76,3.7-11.26,6.76-16.34l.89-1.48-8.07-14.4c-.47-.83-.32-1.89.35-2.57l8.86-8.86c.68-.68,1.73-.82,2.56-.35l14.4,8.07,1.48-.89c5.08-3.06,10.58-5.34,16.34-6.76l1.67-.41,4.48-15.9c.26-.92,1.11-1.56,2.06-1.56h12.53c.96,0,1.81.64,2.06,1.56l4.48,15.9,1.67.41c5.76,1.43,11.26,3.7,16.34,6.76l1.48.89,14.4-8.07c.83-.47,1.89-.32,2.57.35l8.86,8.86c.68.68.82,1.73.35,2.57l-8.07,14.4.89,1.48c3.06,5.08,5.34,10.58,6.76,16.34l.41,1.67,15.9,4.48c.92.26,1.56,1.11,1.56,2.06v12.53c0,.96-.64,1.81-1.56,2.07l-15.9,4.48-.41,1.67c-1.43,5.76-3.7,11.26-6.76,16.34l-.89,1.48,8.07,14.4c.47.83.32,1.89-.35,2.56l-8.86,8.86c-.68.68-1.73.82-2.57.35l-14.4-8.07-1.48.89c-5.08,3.06-10.58,5.34-16.34,6.77l-1.67.41-4.48,15.9c-.26.92-1.11,1.56-2.06,1.56h-12.53c-.96,0-1.81-.64-2.06-1.56l-4.48-15.9-1.67-.41c-5.76-1.43-11.26-3.7-16.34-6.77l-1.48-.89-14.4,8.07c-.83.47-1.89.32-2.57-.35l-8.86-8.86c-.68-.68-.82-1.73-.35-2.57l8.07-14.4-.89-1.48c-3.06-5.08-5.34-10.58-6.76-16.34l-.41-1.67-15.9-4.48c-.92-.26-1.56-1.11-1.56-2.06v-12.53c0-.96.64-1.81,1.56-2.06Zm96.51,173.96l26.53,11.72v14.86h-97.35v-14.86l26.53-11.72c1.54-.68,2.54-2.21,2.54-3.89v-13.98h39.22v13.98c0,1.68.99,3.21,2.53,3.89Zm86.52-31.46c0,4.23-3.44,7.67-7.67,7.67H48.01c-4.23,0-7.67-3.44-7.67-7.67v-123.95c0-4.23,3.44-7.67,7.67-7.67h19.13v3.71c0,3.6,2.42,6.79,5.88,7.77l12.61,3.55c1.43,5.17,3.48,10.13,6.12,14.79l-6.4,11.42c-1.76,3.14-1.21,7.11,1.33,9.65l8.86,8.86c2.55,2.54,6.52,3.09,9.65,1.33l11.42-6.4c4.66,2.64,9.62,4.7,14.79,6.13l3.55,12.61c.98,3.46,4.17,5.88,7.77,5.88h12.53c3.6,0,6.79-2.42,7.77-5.88l3.55-12.61c5.17-1.43,10.13-3.48,14.8-6.13l11.42,6.4c3.14,1.76,7.11,1.21,9.66-1.33l8.86-8.86c2.54-2.55,3.09-6.51,1.33-9.65l-6.4-11.42c2.64-4.66,4.7-9.62,6.13-14.8l12.61-3.55c3.46-.98,5.88-4.17,5.88-7.77v-3.71s19.13,0,19.13,0c4.23,0,7.67,3.44,7.67,7.67v123.95Z\"><\/path><path d=\"m234.94,148.73c-1.64,0-2.96,1.33-2.96,2.96v55.02c0,.71-.58,1.29-1.29,1.29H67.31c-.71,0-1.29-.58-1.29-1.29v-55.02c0-1.64-1.33-2.96-2.96-2.96s-2.96,1.33-2.96,2.96v55.02c0,3.98,3.24,7.22,7.22,7.22h163.37c3.98,0,7.22-3.24,7.22-7.22v-55.02c0-1.64-1.33-2.96-2.96-2.96Z\"><\/path><path d=\"m149,121.07c16.89,0,30.62-13.74,30.62-30.62s-13.74-30.62-30.62-30.62-30.62,13.74-30.62,30.62,13.74,30.62,30.62,30.62Zm0-55.32c13.62,0,24.7,11.08,24.7,24.7s-11.08,24.7-24.7,24.7-24.7-11.08-24.7-24.7,11.08-24.7,24.7-24.7Z\"><\/path><\/svg>\t\t\t<\/div>\n\t\t<\/div>\n\t\t\t\t\t\t<\/div>\n\t\t\t\t<\/div>\n\t\t\t\t<div class=\"elementor-element elementor-element-615a2f0 elementor-widget elementor-widget-heading\" data-id=\"615a2f0\" data-element_type=\"widget\" data-e-type=\"widget\" data-widget_type=\"heading.default\">\n\t\t\t\t<div class=\"elementor-widget-container\">\n\t\t\t\t\t<p class=\"elementor-heading-title elementor-size-default\">Avez-vous trouv\u00e9 un produit qui vous convient,<br>ou avez-vous un besoin particulier ?<\/p>\t\t\t\t<\/div>\n\t\t\t\t<\/div>\n\t\t\t\t<div class=\"elementor-element elementor-element-7090d46 elementor-align-center elementor-widget elementor-widget-button\" data-id=\"7090d46\" data-element_type=\"widget\" data-e-type=\"widget\" data-widget_type=\"button.default\">\n\t\t\t\t<div class=\"elementor-widget-container\">\n\t\t\t\t\t\t\t\t\t<div class=\"elementor-button-wrapper\">\n\t\t\t\t\t<a class=\"elementor-button elementor-button-link elementor-size-sm\" href=\"https:\/\/autor.it\/fr\/contact\/\">\n\t\t\t\t\t\t<span class=\"elementor-button-content-wrapper\">\n\t\t\t\t\t\t\t\t\t<span class=\"elementor-button-text\">Contactez-nous<\/span>\n\t\t\t\t\t<\/span>\n\t\t\t\t\t<\/a>\n\t\t\t\t<\/div>\n\t\t\t\t\t\t\t\t<\/div>\n\t\t\t\t<\/div>\n\t\t\t\t\t<\/div>\n\t\t\t\t<\/div>\n\t\t\t\t<\/div>\n\t\t","protected":false},"excerpt":{"rendered":"<p>Accessoires modulaires pour Tornos Multiswiss Accessoires modulaires pour TORNOS MULTISWISS 6X16, 8X26 et 6X32. La conception modulaire de ces accessoires garantie extr\u00eame simplicit\u00e9 de setup, int\u00e9gration totale dans le syst\u00e8me Multiswiss et une notable r\u00e9duction du temps d\u2019installation. La vari\u00e9t\u00e9 d\u2019accessoires disponibles offre une solution \u00e0 n\u2019importe quelle n\u00e9cessit\u00e9, \u00e0 partir de simples porte-outils jusqu\u2019\u00e0 [&hellip;]<\/p>\n","protected":false},"author":1,"featured_media":8204,"parent":8498,"menu_order":0,"comment_status":"closed","ping_status":"closed","template":"","meta":{"_acf_changed":false,"footnotes":""},"class_list":["post-8590","page","type-page","status-publish","has-post-thumbnail","hentry"],"acf":[],"_links":{"self":[{"href":"https:\/\/autor.it\/fr\/wp-json\/wp\/v2\/pages\/8590","targetHints":{"allow":["GET"]}}],"collection":[{"href":"https:\/\/autor.it\/fr\/wp-json\/wp\/v2\/pages"}],"about":[{"href":"https:\/\/autor.it\/fr\/wp-json\/wp\/v2\/types\/page"}],"author":[{"embeddable":true,"href":"https:\/\/autor.it\/fr\/wp-json\/wp\/v2\/users\/1"}],"replies":[{"embeddable":true,"href":"https:\/\/autor.it\/fr\/wp-json\/wp\/v2\/comments?post=8590"}],"version-history":[{"count":10,"href":"https:\/\/autor.it\/fr\/wp-json\/wp\/v2\/pages\/8590\/revisions"}],"predecessor-version":[{"id":10582,"href":"https:\/\/autor.it\/fr\/wp-json\/wp\/v2\/pages\/8590\/revisions\/10582"}],"up":[{"embeddable":true,"href":"https:\/\/autor.it\/fr\/wp-json\/wp\/v2\/pages\/8498"}],"wp:featuredmedia":[{"embeddable":true,"href":"https:\/\/autor.it\/fr\/wp-json\/wp\/v2\/media\/8204"}],"wp:attachment":[{"href":"https:\/\/autor.it\/fr\/wp-json\/wp\/v2\/media?parent=8590"}],"curies":[{"name":"wp","href":"https:\/\/api.w.org\/{rel}","templated":true}]}}